{"id":557,"date":"2024-01-17T07:15:10","date_gmt":"2024-01-17T06:15:10","guid":{"rendered":"https:\/\/hhab-technik.de\/?page_id=557"},"modified":"2024-01-17T07:18:53","modified_gmt":"2024-01-17T06:18:53","slug":"e-antzrieb","status":"publish","type":"page","link":"https:\/\/hhab-technik.de\/?page_id=557","title":{"rendered":"E-Antrieb"},"content":{"rendered":"\n<p>Die Fahrzeuge werden \u00fcber einen Elektromotor angtrieben. Die dazu ben\u00f6tigte Energie stellt eine Batterie zur Verf\u00fcgung.<\/p>\n\n\n\n<p><\/p>\n","protected":false},"excerpt":{"rendered":"<p>Die Fahrzeuge werden \u00fcber einen Elektromotor angtrieben. Die dazu ben\u00f6tigte Energie stellt eine Batterie zur Verf\u00fcgung.<\/p>\n","protected":false},"author":1,"featured_media":0,"parent":0,"menu_order":0,"comment_status":"closed","ping_status":"closed","template":"","meta":{"footnotes":""},"_links":{"self":[{"href":"https:\/\/hhab-technik.de\/index.php?rest_route=\/wp\/v2\/pages\/557"}],"collection":[{"href":"https:\/\/hhab-technik.de\/index.php?rest_route=\/wp\/v2\/pages"}],"about":[{"href":"https:\/\/hhab-technik.de\/index.php?rest_route=\/wp\/v2\/types\/page"}],"author":[{"embeddable":true,"href":"https:\/\/hhab-technik.de\/index.php?rest_route=\/wp\/v2\/users\/1"}],"replies":[{"embeddable":true,"href":"https:\/\/hhab-technik.de\/index.php?rest_route=%2Fwp%2Fv2%2Fcomments&post=557"}],"version-history":[{"count":2,"href":"https:\/\/hhab-technik.de\/index.php?rest_route=\/wp\/v2\/pages\/557\/revisions"}],"predecessor-version":[{"id":561,"href":"https:\/\/hhab-technik.de\/index.php?rest_route=\/wp\/v2\/pages\/557\/revisions\/561"}],"wp:attachment":[{"href":"https:\/\/hhab-technik.de\/index.php?rest_route=%2Fwp%2Fv2%2Fmedia&parent=557"}],"curies":[{"name":"wp","href":"https:\/\/api.w.org\/{rel}","templated":true}]}}