{"id":531,"date":"2024-01-14T13:14:11","date_gmt":"2024-01-14T12:14:11","guid":{"rendered":"https:\/\/hhab-technik.de\/?page_id=531"},"modified":"2024-01-15T11:17:08","modified_gmt":"2024-01-15T10:17:08","slug":"fakten-energiespeicher","status":"publish","type":"page","link":"https:\/\/hhab-technik.de\/?page_id=531","title":{"rendered":"Fakten Energiespeicher"},"content":{"rendered":"Um gro\u00dfe Energiemengen zu speichern werden unterirdische Gasspeicher benutzt. Zur Zeit wird in ihnen Erdgas gespeichert.\n\nIn Zukunft soll in den Gasspeichern der Wasserstoff, der mit erneuerten Energien wurde, gespeichert werden.\n\nDas ist aus folgenden Gr\u00fcnden nicht optimal:\n<ol>\n \t<li>F\u00fcr die gleiche gespeicherte Energiemenge braucht man zum Speichern von Wasserstoff das dreifache Volumen.<\/li>\n \t<li>Nicht alle vorhandenen Gasspeicher sind zum Speichern von Wasserstoff geeignet.<\/li>\n \t<li>Der Wasserstoff l\u00e4sst sich nicht mit Erdgas zusammenspeichern.<\/li>\n \t<li>Der gespeicherte Wasserstoff l\u00e4sst sich nicht mit der vorhandenen Heizungstechnik benutzen, alle Heizungen m\u00fc\u00dften umgebaut werden.<\/li>\n \t<li>Wasserstoffspeicher m\u00fcssen absolut dicht sein, weil Wasserstoff sehr leicht entweichen kann. Wasserstoff besteht nur aus einem Proton und einem Elektron.<\/li>\n<\/ol>\nSchneller, preiswerter und einfacher w\u00e4re es den erzeugten Wasserstoff, wenn m\u00f6glich direkt zu verbrauchen:\n<ol>\n \t<li>Zur Stahlerzeugung<\/li>\n \t<li>Zur Stromerzeugung<\/li>\n \t<li>Zur Glaserzeugung<\/li>\n \t<li>Zur Porzellanherstellung<\/li>\n \t<li>Zur Aluminiumherstellung<\/li>\n \t<li style=\"mso-list: Ignore;\">F\u00fcr Brennstoffmotoren i Autos<\/li>\n<\/ol>\nUm gro\u00dfe Energiemengen zu speichern werden unterirdische Gasspeicher benutzt. Zur Zeit wird in ihnen Erdgas gespeichert.\n\n<!-- \/wp:paragraph --><!-- wp:paragraph -->\n\nIn Zukunft soll in den Gasspeichern der Wasserstoff, der mit erneuerten Energien erzeugt wurde, gespeichert werden.\n\n<!-- \/wp:paragraph --><!-- wp:paragraph -->\n\nDas ist aus folgenden Gr\u00fcnden nicht optimal:\n<p style=\"margin-left: 36.0pt; text-indent: -18.0pt; mso-list: l0 level1 lfo1;\"><!-- [if !supportLists]--><span style=\"mso-list: Ignore;\">1.<span style=\"font: 7.0pt 'Times New Roman';\"> \u00a0\u00a0<\/span><\/span> Um die gleiche Energiemenge zu speichern,\u00a0 braucht man das dreifache Volumen.<\/p>\n<!-- \/wp:paragraph --><!-- wp:paragraph -->\n<p style=\"margin-left: 36.0pt; text-indent: -18.0pt; mso-list: l0 level1 lfo1;\"><!-- [if !supportLists]--><span style=\"mso-list: Ignore;\">2.<span style=\"font: 7.0pt 'Times New Roman';\">\u00a0\u00a0\u00a0 <\/span><\/span>Nicht alle vorhandenenGasspeicher sind zum Speichern von Wasserstoff geeignet.<\/p>\n<!-- \/wp:paragraph --><!-- wp:paragraph -->\n<p style=\"margin-left: 36.0pt; text-indent: -18.0pt; mso-list: l0 level1 lfo1;\"><!-- [if !supportLists]--><span style=\"mso-list: Ignore;\">3.<span style=\"font: 7.0pt 'Times New Roman';\">\u00a0\u00a0\u00a0 <\/span><\/span>Wasserstoffspeicher m\u00fcssen absolut dicht sein, weil Wasserstoff sehr leicht entweichen kann. Wasserstoff\nbesteht nur aus einem Proton und einem Elektron.<\/p>\n<!-- \/wp:paragraph --><!-- wp:paragraph -->\n\nSinnvoller w\u00e4re es den erzeugten Wasserstoff m\u00f6glichst direkt zu verbrauchen z.B.:<!-- \/wp:paragraph -->\n<p style=\"margin-left: 36.0pt; text-indent: -18.0pt; mso-list: l1 level1 lfo2;\"><!-- [if !supportLists]--><span style=\"mso-list: Ignore;\">1.<span style=\"font: 7.0pt 'Times New Roman';\">\u00a0\u00a0\u00a0 <\/span><\/span>Zur Stahlerzeugung<\/p>\n<p style=\"margin-left: 36.0pt; text-indent: -18.0pt; mso-list: l1 level1 lfo2;\"><!-- [if !supportLists]--><span style=\"mso-list: Ignore;\">2.<span style=\"font: 7.0pt 'Times New Roman';\">\u00a0\u00a0\u00a0 <\/span><\/span>Zur Stromerzeugung<\/p>\n<p style=\"margin-left: 36.0pt; text-indent: -18.0pt; mso-list: l1 level1 lfo2;\"><!-- [if !supportLists]--><span style=\"mso-list: Ignore;\">3.<span style=\"font: 7.0pt 'Times New Roman';\">\u00a0\u00a0\u00a0 <\/span><\/span>Zur Glaserzeugung<\/p>\n<p style=\"margin-left: 36.0pt; text-indent: -18.0pt; mso-list: l1 level1 lfo2;\"><!-- [if !supportLists]--><span style=\"mso-list: Ignore;\">4.<span style=\"font: 7.0pt 'Times New Roman';\">\u00a0\u00a0\u00a0 <\/span><\/span>Zur Porzellanherstellung<\/p>\n<p style=\"margin-left: 36.0pt; text-indent: -18.0pt; mso-list: l1 level1 lfo2;\"><!-- [if !supportLists]--><span style=\"mso-list: Ignore;\">5.<span style=\"font: 7.0pt 'Times New Roman';\">\u00a0\u00a0\u00a0 <\/span><\/span>Zur Aluminiumherstellung<\/p>\n<p style=\"margin-left: 36.0pt; text-indent: -18.0pt; mso-list: l1 level1 lfo2;\"><!-- [if !supportLists]--><span style=\"mso-list: Ignore;\">6.<span style=\"font: 7.0pt 'Times New Roman';\">\u00a0\u00a0\u00a0 <\/span><\/span>Usw.<\/p>\n\n\nSchneller und einfacher w\u00e4re es den Wasserstoff in Kombination mit CO2 in Methan umzuwandeln. Dieses Methan l\u00e4sst sich jetzt in den vorhandenen Erdgasspeichern speichern und ist auch in der chemischen Industrie nutzen.\n\n<!-- wp:image {\"id\":452,\"sizeSlug\":\"large\",\"linkDestination\":\"none\"} -->\n<figure class=\"wp-block-image size-large\"><img loading=\"lazy\" decoding=\"async\" width=\"1024\" height=\"570\" class=\"wp-image-452\" src=\"https:\/\/hhab-technik.de\/wp-content\/uploads\/2023\/11\/Energiestation2-1024x570.jpg\" alt=\"\" srcset=\"https:\/\/hhab-technik.de\/wp-content\/uploads\/2023\/11\/Energiestation2-1024x570.jpg 1024w, https:\/\/hhab-technik.de\/wp-content\/uploads\/2023\/11\/Energiestation2-300x167.jpg 300w, https:\/\/hhab-technik.de\/wp-content\/uploads\/2023\/11\/Energiestation2-768x428.jpg 768w, https:\/\/hhab-technik.de\/wp-content\/uploads\/2023\/11\/Energiestation2.jpg 1386w\" sizes=\"(max-width: 1024px) 100vw, 1024px\" \/><\/figure>\n<!-- \/wp:image -->","protected":false},"excerpt":{"rendered":"<p>Um gro\u00dfe Energiemengen zu speichern werden unterirdische Gasspeicher benutzt. Zur Zeit wird in ihnen Erdgas gespeichert. In Zukunft soll in den Gasspeichern der Wasserstoff, der mit erneuerten Energien wurde, gespeichert werden. Das ist aus folgenden Gr\u00fcnden nicht optimal: F\u00fcr die gleiche gespeicherte Energiemenge braucht man zum Speichern von Wasserstoff das dreifache Volumen. Nicht alle vorhandenen &#8230; <a title=\"Fakten Energiespeicher\" class=\"read-more\" href=\"https:\/\/hhab-technik.de\/?page_id=531\" aria-label=\"Mehr dazu unter Fakten Energiespeicher\">Weiterlesen<\/a><\/p>\n","protected":false},"author":1,"featured_media":0,"parent":0,"menu_order":0,"comment_status":"closed","ping_status":"closed","template":"","meta":{"footnotes":""},"_links":{"self":[{"href":"https:\/\/hhab-technik.de\/index.php?rest_route=\/wp\/v2\/pages\/531"}],"collection":[{"href":"https:\/\/hhab-technik.de\/index.php?rest_route=\/wp\/v2\/pages"}],"about":[{"href":"https:\/\/hhab-technik.de\/index.php?rest_route=\/wp\/v2\/types\/page"}],"author":[{"embeddable":true,"href":"https:\/\/hhab-technik.de\/index.php?rest_route=\/wp\/v2\/users\/1"}],"replies":[{"embeddable":true,"href":"https:\/\/hhab-technik.de\/index.php?rest_route=%2Fwp%2Fv2%2Fcomments&post=531"}],"version-history":[{"count":8,"href":"https:\/\/hhab-technik.de\/index.php?rest_route=\/wp\/v2\/pages\/531\/revisions"}],"predecessor-version":[{"id":547,"href":"https:\/\/hhab-technik.de\/index.php?rest_route=\/wp\/v2\/pages\/531\/revisions\/547"}],"wp:attachment":[{"href":"https:\/\/hhab-technik.de\/index.php?rest_route=%2Fwp%2Fv2%2Fmedia&parent=531"}],"curies":[{"name":"wp","href":"https:\/\/api.w.org\/{rel}","templated":true}]}}