{"id":521,"date":"2024-01-14T11:40:12","date_gmt":"2024-01-14T10:40:12","guid":{"rendered":"https:\/\/hhab-technik.de\/?page_id=521"},"modified":"2024-12-22T11:55:15","modified_gmt":"2024-12-22T10:55:15","slug":"loesungsvorschlag-energiewende","status":"publish","type":"page","link":"https:\/\/hhab-technik.de\/?page_id=521","title":{"rendered":"L\u00f6sungsvorschlag Energiewende"},"content":{"rendered":"\n<p>hiermit m\u00f6chte ich eine m\u00f6gliche L\u00f6sung f\u00fcr den Klimawandel bzw. die Energiewende vorstellen.<\/p>\n\n\n\n<p>Die ideale L\u00f6sung f\u00fcr die Energiewende sieht so aus, dass m\u00f6glichst kein CO2 bei der Energiegewinnung entsteht. Also die komplette Energie aus erneuerbaren Energiequellen entsteht:<\/p>\n\n\n\n<ol style=\"list-style-type:1\">\n<li>Windkraft<\/li>\n\n\n\n<li>Photovoltaikanlagen<\/li>\n\n\n\n<li>Wasserkraft<\/li>\n\n\n\n<li>Biokraftwerken<\/li>\n<\/ol>\n\n\n\n<p>Die ben\u00f6tigten Energiespeicher werden durch folgende Speichertypen realisiert:<\/p>\n\n\n\n<ol style=\"list-style-type:1\">\n<li>Wasserstaustufen<\/li>\n\n\n\n<li>Wasserstoffspeicher<\/li>\n\n\n\n<li>Batteriespeicher<\/li>\n\n\n\n<li>Usw.<\/li>\n<\/ol>\n\n\n\n<p>Nun muss man beachten, wenn man m\u00f6glichst die ganze ben\u00f6tigte Energie aus erneuerbaren Energiequellen gewinnen m\u00f6chte, man zu jeder Zeit gen\u00fcgend Energie erzeugen muss um den laufenden Bedarf zu decken.<\/p>\n\n\n\n<p>Also nachts, wenn die Photovoltaikanlagen keine Energie liefern, muss die ben\u00f6tigte Energie aus der Windkraft und Wasserkraft bzw. Biokraftwerken gewonnen werden und der fehlende Teil aus dem Energiespeicher.<\/p>\n\n\n\n<p>Auch am Tag, muss die ben\u00f6tigten Energie vollst\u00e4ndig aus den erneuerbaren Energie gewonnen werden und der Rest aus dem Energiespeicher.<\/p>\n\n\n\n<p>Man muss also einen so gro\u00dfen Energiespeicher zur Verf\u00fcgung stellen, dass im Winter, wenn nicht die Sonne scheint und auch kein Wind weht der vollst\u00e4ndige Energiebedarf von ca. 80 GW aus dem Energiespeicher gedeckt werden kann. <\/p>\n\n\n\n<p>Ein Gaskraftwerk liefert 50 &#8211; 340 MW Leistung. Man m\u00fc\u00dfte also daf\u00fcr ca. 500 Gaskraftwerke betreiben um diese Energiemenge zu erzeugen<\/p>\n\n\n\n<p>Eine Probleml\u00f6sung besteht immer aus mindesten drei Teilen:<\/p>\n\n\n\n<ol style=\"list-style-type:1\">\n<li>Die endg\u00fcltige L\u00f6sung: Also die Erzeugung der ben\u00f6tigten Energie aus Windkraft und Sonnenenergie (Photovoltaikanlagen).<\/li>\n\n\n\n<li>Den Weg dahin: Also was kostet die Umstellung, welche Entwicklungen sind daf\u00fcr notwendig.<\/li>\n\n\n\n<li>Wie lange dauert das: Also wie schnell k\u00f6nnen die notwendigen Anlagentechnologie serienreif entwickelt werden. Wie schnell kann die notwendige Infrastruktur fertiggestellt werden.<\/li>\n<\/ol>\n\n\n\n<p>Das erstaunliche ist, dass alle notwendigen Entwicklung f\u00fcr die Umstellung der Energieerzeugung aus Windkraft und Photovoltaik fertig entwickelt sind und auch kurzfristig zur Verf\u00fcgung stehen.<\/p>\n\n\n\n<p>Nur gibt es das Problem das der Wind nicht immer weht und auch die Sonne nicht immer scheint.<\/p>\n\n\n\n<p>Das hei\u00dft es muss Energie gespeichert werden k\u00f6nnen, die dann genutzt wird, wenn nicht gen\u00fcgend Energie aus Wind und Sonne erzeugt werden kann.<\/p>\n\n\n\n<p>Es muss also ein m\u00f6glichst gro\u00dfer Energiespeicher zur Verf\u00fcgung gestellt werden, der die Energiemenge von mehreren Monaten speichern kann. Dieser Energiespeicher muss m\u00f6glich einfach geladen werden k\u00f6nnen und an beliebigen Orten genutzt werden k\u00f6nnen.<\/p>\n\n\n\n<p>Und jetzt das Erstaunliche, alles dies ist schon fertig entwickelt und auch kurzfristig zu realisierbar.<\/p>\n\n\n\n<p>Wie sieht diese L\u00f6sung konkret aus:<\/p>\n\n\n\n<p>Die Erzeugung der notwendigen zus\u00e4tzliche erneuerbaren Energie w\u00fcrde haupts\u00e4chlich \u00fcber Photovoltaikanlagen realisiert werden. Diese Technologie wird akzeptiert, keine B\u00fcrgerproteste, l\u00e4sst sich fast \u00fcberall realisieren, gucken sie einmal aus dem Fenster und \u00fcberlegen sich wie viel Photovoltaikanlagen (1 KW Leistung pro 10m\u00b2 Fl\u00e4che) sich schon in ihrer direkten Umgebung installieren lassen. Diese Anlagen sind kosteng\u00fcnstig, haben eine hohe Lebensdauer und haben einen geringen Wartungsaufwand.<\/p>\n\n\n\n<p>Die aktuelle Menge m\u00fcsste um ca. das 8-fache vergr\u00f6\u00dfert werden. Kosten ca. 368 Milliarden Euro f\u00fcr die komplette Erweiterung.<\/p>\n\n\n\n<p>Bei der Erzeugung von erneuerbaren Energie, aus Windkraft, ist die Akzeptanz in der Bev\u00f6lkerung geringer oder gar nicht vorhanden. Und wenn man ehrlich mit sich selbst ist, w\u00fcrde man auch nicht gerne so ein Windrad in unmittelbarer N\u00e4he seiner Wohnung haben wollen.<\/p>\n\n\n\n<p>Die Menge m\u00fcsste um das ca. 3-fache vergr\u00f6\u00dfert werden.<\/p>\n\n\n\n<p>Das erreicht man schon durch die Inbetriebnahme der Offshore Windanlagen und dass man die Energie der vorhandenen Windr\u00e4der immer nutzen kann und sie nicht abschaltet w\u00e4hrend der Nacht und bei Starkwind, weil diese Energie dann in dem Energiespeicher eingespeist werden kann.<\/p>\n\n\n\n<p>Zus\u00e4tzlich muss man zu diesem Thema wissen, dass jede Windanlage nach 20 Jahren abgerissen werden muss, denn diese Anlagen haben eine max. Betriebserlaubnis von 20 Jahren.<\/p>\n\n\n\n<p>Danach kann also, an der gleichen Stelle, ein Windrad mit h\u00f6herer Leistung installiert werden.<\/p>\n\n\n\n<p>Ein ganz wichtiger Merksatz f\u00fcr den Energiebereich lautet:<\/p>\n\n\n\n<p>Die Energie, die ich <strong>jetzt<\/strong> erzeuge, muss auch <strong>jetzt<\/strong> verbraucht werden und die Energie die ich <strong>jetzt<\/strong> verbrauchen m\u00f6chte muss genau <strong>jetzt<\/strong> erzeugt werden.<\/p>\n\n\n\n<p>Das hei\u00dft, wenn sie ihren Wasserkocher zu Hause einschalten, der 2 KW Leistung ben\u00f6tigt, muss ein Kraftwerk im gleichen Moment 2 KW mehr Leistung erzeugen. Umgekehrt muss die Leistung die ein Windrad erzeugt auch direkt verbraucht werden. Wenn das nicht m\u00f6glich ist, muss das Windrad abgeschaltet werden. Deshalb ist ein Energiespeicher zwingend notwendig.<\/p>\n\n\n\n<p>\u00dcbersicht der Energietr\u00e4ger, mit Angabe der erzeugten Energiemenge (Stand 2021):<\/p>\n\n\n\n<p>Erg\u00e4nzt mit der Angabe der theoretischen Mengen im Jahr 2025<br><br><\/p>\n\n\n\n<figure class=\"wp-block-table\"><table><tbody><tr><td>Energietr\u00e4ger<\/td><td>2021 Energie[TWh]<\/td><td>Faktor<\/td><td>2045 Energie[TWh]<\/td><td>Kommentar<\/td><\/tr><tr><td>Wind<\/td><td>112,7<\/td><td>3<\/td><td>338,1<\/td><td>Speichern der Energiespitzen<\/td><\/tr><tr><td>Photovoltaik<\/td><td>48,4<\/td><td>8<\/td><td>387,2<\/td><td>Erweiterung<\/td><\/tr><tr><td>Biokraftwerke<\/td><td>43,1<\/td><td>2<\/td><td>86,2<\/td><td>&nbsp;<\/td><\/tr><tr><td>Wasserkraftwerke<\/td><td>19,3<\/td><td>1<\/td><td>19,3<\/td><td>&nbsp;<\/td><\/tr><tr><td>Braunkohle<\/td><td>98,9<\/td><td>0,5<\/td><td>49,45<\/td><td>Wird genutzt zur CO2 Gewinnung<\/td><\/tr><tr><td>Steinkohle<\/td><td>46,4<\/td><td>0,5<\/td><td>23,2<\/td><td>Wird genutzt zur CO2 Gewinnung<\/td><\/tr><tr><td>Gas<\/td><td>51,1<\/td><td>4<\/td><td>204,4<\/td><td>Das zwischengespeicherte Gas Auch Nutzung als Prozessgas f\u00fcr die Chemieindustrie, weil aus CO2 Quelle Kohle<\/td><\/tr><tr><td>Kernenergie<\/td><td>65,3<\/td><td>0<\/td><td>0<\/td><td>&nbsp;<\/td><\/tr><tr><td>Gesamt Energiebedarf Deutschland<\/td><td>485,2<\/td><td>2,48<\/td><td>1.107,85 &nbsp;<\/td><td>&nbsp;<\/td><\/tr><\/tbody><\/table><\/figure>\n\n\n\n<p>Das hei\u00dft, dass man damit einen gro\u00dfen Anteil des Mehrbedarfs f\u00fcr die Automobilindustrie und Chemieindustrie auch abdecken w\u00fcrde.<\/p>\n\n\n\n<p>Deshalb ist es wichtig einen flexibel nutzbaren Energiespeicher zu haben, der Energiebedarfsschwankungen ausgleicht und es auch erm\u00f6glicht die Energiespitzen zu speichern, so dass keine Energiequellen, z.B. Windr\u00e4der, abgeschaltet werden m\u00fcssen.<\/p>\n\n\n\n<figure class=\"wp-block-embed\"><div class=\"wp-block-embed__wrapper\">\nhttps:\/\/www.proplanta.de\/agrar-nachrichten\/energie\/abschaltungen-von-wind-und-solaranlagen-wegen-netz-ueberlastung-nehmen-zu_article1496872992.html\n<\/div><\/figure>\n\n\n\n<p>oder<\/p>\n\n\n\n<p><a href=\"https:\/\/www.morgenpost.de\/wirtschaft\/article208103011\/Wenn-das-Windrad-einfach-ausgeschaltet-wird.html\">https:\/\/www.morgenpost.de\/wirtschaft\/article208103011\/Wenn-das-Windrad-einfach-ausgeschaltet-wird.html<\/a><\/p>\n\n\n\n<p>Wo kann diese Energie gespeichert werden? In den schon vorhandenen Erdgasspeichern. Diese Erdgasspeicher haben eine Kapazit\u00e4t f\u00fcr den Energiebedarf von ca. 30% eines Jahres,<\/p>\n\n\n\n<figure class=\"wp-block-embed is-type-wp-embed is-provider-bveg wp-block-embed-bveg\"><div class=\"wp-block-embed__wrapper\">\n<blockquote class=\"wp-embedded-content\" data-secret=\"Q2Mlr0N4a2\"><a href=\"https:\/\/www.bveg.de\/die-branche\/speicher-in-deutschland\/untergrund-gasspeicher\/\">Untergrund-Gasspeicher<\/a><\/blockquote><iframe class=\"wp-embedded-content\" sandbox=\"allow-scripts\" security=\"restricted\" style=\"position: absolute; clip: rect(1px, 1px, 1px, 1px);\" title=\"&#8222;Untergrund-Gasspeicher&#8220; &#8212; BVEG\" src=\"https:\/\/www.bveg.de\/die-branche\/speicher-in-deutschland\/untergrund-gasspeicher\/embed\/#?secret=DWQ4NDZ9LU#?secret=Q2Mlr0N4a2\" data-secret=\"Q2Mlr0N4a2\" width=\"600\" height=\"338\" frameborder=\"0\" marginwidth=\"0\" marginheight=\"0\" scrolling=\"no\"><\/iframe>\n<\/div><\/figure>\n\n\n\n<p>&nbsp;also v\u00f6llig ausreichend f\u00fcr diese Aufgabe. Diese unterirdischen Gasspeicher sind deutschlandweit \u00fcber vorhandene Rohrsysteme erreichbar und k\u00f6nnen sowohl Erdgas abgeben und auch aufnehmen.<\/p>\n\n\n\n<p>Aber jetzt stellt sich die Frage woher kommt das Gas?<\/p>\n\n\n\n<p>Dazu muss man wissen, dass wenn man Wasserstoff mit CO2 verbindet, Methan entsteht, das sich ohne Probleme mit Erdgas zusammen speichern l\u00e4sst, wesentlich einfacher als Wasserstoff.<\/p>\n\n\n\n<p>Wenn man dann noch ber\u00fccksichtigt, dass bei Methanisierung Prozessw\u00e4rme entsteht, mit der man die Elektrolyse mit einem besseren Wirkungsgrad durchf\u00fchren kann, hat dieses Verfahren noch einen zus\u00e4tzlichen Vorteil. Die zu speichernde Energie l\u00e4sst sich mit einem Wirkungsgrad von 87% erzeugen (normal ben\u00f6tigt man 52 kWh f\u00fcr die Erzeugung von 1 kg Wasserstoff der wiederum 33 kWh Leistung erzeugen kann, das entspricht einem Wirkungsgrad von 63,5%).<\/p>\n\n\n\n<p>Siehe:<\/p>\n\n\n\n<p><a href=\"https:\/\/www.interconnector.de\/wissen\/power-to-gas\/\">https:\/\/www.interconnector.de\/wissen\/power-to-gas\/<\/a><\/p>\n\n\n\n<p>oder<\/p>\n\n\n\n<p><a href=\"https:\/\/www.erneuerbareenergien.de\/energiewende-20\/speicher\/138-kommunen-wollen-wasserstoff-weltweit-erste-power-gas-anlage-fuer-wohngebaeude\">https:\/\/www.erneuerbareenergien.de\/energiewende-20\/speicher\/138-kommunen-wollen-wasserstoff-weltweit-erste-power-gas-anlage-fuer-wohngebaeude<\/a> oder<\/p>\n\n\n\n<figure class=\"wp-block-embed\"><div class=\"wp-block-embed__wrapper\">\nhttps:\/\/www.dvgw.de\/der-dvgw\/aktuelles\/presse\/presseinformationen\/dvgw-presseinformation-vom-26032019-falkenhagen-geht-in-betrieb\n<\/div><\/figure>\n\n\n\n<p>Das gespeicherte Erdgas (Methan) l\u00e4sst sich jetzt mit den schon vorhandenen Gaskraftwerken wieder in Energie umwandeln, so dass man auch in der Zeit, wenn nicht gen\u00fcgend Wind weht oder Sonne scheint genug Energie hat.<\/p>\n\n\n\n<p>Was ist also notwendig f\u00fcr eine schnelle weitgehende Energiewende:<\/p>\n\n\n\n<ol style=\"list-style-type:1\">\n<li>Installation von m\u00f6glichst vielen Photovoltaikanlagen. Kosten von 1 KW-Peak Anlagentechnik ca. 800 Euro (damit lassen sich 1.000 KWh Leistung im Jahr erzeugen)<\/li>\n\n\n\n<li>Erweiterung der vorhandenen Strominfrastruktur. Vergr\u00f6\u00dferung der Netztrafos, teilweise Verlegung von neuen Alustromleitungen, um die erh\u00f6hten Leistungen zu transportieren. Daf\u00fcr m\u00fcssen neue Leitungen verlegt werden, das aber heutzutage mit <em>Horizontalbohrmaschinen<\/em> und \u00fcber Leerrohrsysteme sehr schnell und preiswert durchgef\u00fchrt werden kann (siehe Glasfasernetzausbau). In diesem Zusammenhang w\u00e4re auch zu \u00fcberlegen ein spezielles Energienetz f\u00fcr die erneuerbare Energieversorgung zu installieren, dass mit einer h\u00f6heren Spannung betrieben wird. Bei einer Erh\u00f6hung der Spannung von 400V auf 1000V kann man das 2,5-fache an Leistung \u00fcbertragen. Diese Anpassung kann nach Bedarf zeitlich versetzt vorgenommen werden. Diese Anpassung ist auch auf Grund der sehr schnellen Verbreitung der E-Autos so oder so f\u00e4llig.<\/li>\n\n\n\n<li>Anschaffung von Hochtemperatur-PEM-Stacks mit denen der Strom der Erneuerbaren Energiequellen in Wasserstoff umgewandelt werden kann.<\/li>\n\n\n\n<li>Anschaffung von Methanisierungsanlagen mit denen der Wasserstoff in Kombination mit CO2 aus Kl\u00e4ranlagen, Kraftwerken oder der Luft in Methan umgewandelt wird.<br><\/li>\n<\/ol>\n\n\n\n<p>(Die Leistungsangaben sind Annahmen, wesentlich ist aber, dass der Gesamtwirkungsgrad der Umwandlung bei ca. 87% liegt).<\/p>\n\n\n\n<p>Das so erzeugte Erdgas aus Methan kann zus\u00e4tzlich zum Betanken von Nutzfahrzeugen genommen werden.<\/p>\n\n\n\n<p>Dieser L\u00f6sungsvorschlag l\u00e4sst sich kosteng\u00fcnstig (dadurch w\u00fcrden nach meiner Meinung keine h\u00f6heren Stromkosten entstehen, weil die Stromerzeugung aus erneuerbaren Energien kosteng\u00fcnstiger sind als die Energieerzeugung aus Braunkohle, Kernenergie oder Gaskraftwerken) verwirklichen.<\/p>\n\n\n\n<p>Die notwendigen PEM-Stacks und Methanisierungsanlagen Technik muss noch installiert werden. Das ist die Zeitbasis f\u00fcr die Umstellung.<\/p>\n\n\n\n<p>Die Produktion dieser Komponenten kann man sinnvollerweise in den Braunkohleabbaugebieten verlegen und so einen sinnvollen Strukturwandel durchf\u00fchren.<\/p>\n\n\n\n<p>Die Anlagen, die jetzt schon im Einsatz sich befinden, sind Kleinanlagen.<\/p>\n\n\n\n<p><a href=\"https:\/\/www.uniper.energy\/de\/energy-storage-uniper\/gasspeicher-technik-uniper\/power-gas\">https:\/\/www.uniper.energy\/de\/energy-storage-uniper\/gasspeicher-technik-uniper\/power-gas<\/a><\/p>\n\n\n\n<h1 class=\"wp-block-heading\">Mein L\u00f6sungsvorschlag<\/h1>\n\n\n\n<p>Was w\u00e4re, wenn man das Ganze in GROSS denken w\u00fcrde?<\/p>\n\n\n\n<p>Dann w\u00fcrde ein vorhandenes Kohlekraftwerk einmal als Energiequelle dienen und gleichzeitig deren Abgase als CO2-Gasquelle f\u00fcr die Methanisierungsanlagen, die das Methan erzeugen f\u00fcr die unterirdischen Gasspeicher. So w\u00fcrden die vorhandenen Kohlekraftwerke kaum noch CO2 an die Umwelt abgeben und skalierbar werden. Das hei\u00dft, wenn man viel erneuerbare Energie hat, k\u00f6nnte man variable Teile der erzeugten Kraftwerksenergie in Methan wandeln und dann in den Erdgasspeicher abspeichern. Das Kraftwerk w\u00fcrde mit seiner normalen Leistung weiter betrieben werden.<\/p>\n\n\n\n<p>Dabei w\u00fcrde der Wirkungsgrad des Kraftwerks verbessert werden und auch weniger CO2 Abgase entstehen. Die Arbeitspl\u00e4tze w\u00fcrden erhalten bleiben.<\/p>\n\n\n\n<ol style=\"list-style-type:1\">\n<li>Also die bestehenden Kohlekraftwerke als CO2 Quellen nutzen.<\/li>\n\n\n\n<li>Die PEM-Stacks und die Methanisierungsanlagen (die Modulgr\u00f6\u00dfe sollte die gleiche sein wie die f\u00fcr die Energiestationen (in Containern eingebaut, so dass sie sp\u00e4ter, wenn alles vollst\u00e4ndig auf Wasserstofftechnik umgestellt wird, extern weiter genutzt werden k\u00f6nnen) neben den Kraftwerken errichtet werden oder errichten von Hochtemperatur PEM-Stacks die mit noch h\u00f6heren Temperaturen gefahren w\u00fcrden, noch ein h\u00f6herer Wirkungsgrad.<br><a href=\"https:\/\/de.wikipedia.org\/wiki\/Hochtemperaturelektrolyse\">https:\/\/de.wikipedia.org\/wiki\/Hochtemperaturelektrolyse<\/a><\/li>\n\n\n\n<li>Auf den vorhanden Braunkohleabbaugebieten kann eine gro\u00dfe Photovoltaikanlage errichtet werden und zus\u00e4tzliche Windr\u00e4der.<\/li>\n\n\n\n<li>Die vorhandenen Stromleitungen, die zurzeit zur Stromableitung dienen, w\u00fcrden dann dazu genutzt werden erneuerbare Energie, von extern, zu den PEM-Stacks und Methanisierungsanlagen zu transportieren.<br><\/li>\n<\/ol>\n\n\n\n<figure class=\"wp-block-image size-large\"><img loading=\"lazy\" decoding=\"async\" width=\"1024\" height=\"570\" src=\"https:\/\/hhab-technik.de\/wp-content\/uploads\/2023\/11\/Energiestation2-1024x570.jpg\" alt=\"\" class=\"wp-image-452\" srcset=\"https:\/\/hhab-technik.de\/wp-content\/uploads\/2023\/11\/Energiestation2-1024x570.jpg 1024w, https:\/\/hhab-technik.de\/wp-content\/uploads\/2023\/11\/Energiestation2-300x167.jpg 300w, https:\/\/hhab-technik.de\/wp-content\/uploads\/2023\/11\/Energiestation2-768x428.jpg 768w, https:\/\/hhab-technik.de\/wp-content\/uploads\/2023\/11\/Energiestation2.jpg 1386w\" sizes=\"(max-width: 1024px) 100vw, 1024px\" \/><\/figure>\n\n\n\n<p>Also meine Vorschl\u00e4ge lauten:<\/p>\n\n\n\n<ol style=\"list-style-type:1\">\n<li>Ausbau der erneuerbaren Energie so schnell es geht, die Finanzierung k\u00f6nnte man vielleicht \u00fcber B\u00fcrgergenossenschaften realisieren, viele B\u00fcrger suchen nach M\u00f6glichkeiten ihr vorhandenes Geld sinnvoll anzulegen.<\/li>\n\n\n\n<li>Entwicklung von genormten Energiestationen an denen bis zu 1.000 Wohneinheiten angeschlossen werden k\u00f6nnen. Deren Energiequellen w\u00fcrden 1 bis 2 Windr\u00e4der sein und die Photovoltaikanlagen der 1000 Wohneinheiten. In der Energiestation wird ein PEM-Stack und eine Methanisierungsanlage integriert und die Umschaltstationen f\u00fcr Strom, Wasserstoff und Erdgas und ein Blockheizkraftwerk.<\/li>\n\n\n\n<li>Errichtung von Gro\u00df-Gasquellen f\u00fcr Synthetik Gas (Methangas) an den vorhandenen Kohlekraftwerken, die das erzeugte Gas in den vorhandenen unterirdischen Gasspeichern abgeben.<br><em>Zwischenbemerkung: Methan ist noch Klimasch\u00e4dlicher als Erdgas, da es aber aus CO2 von den Kohlekraftwerken gewonnen wird, quasi CO2 neutral.<\/em><\/li>\n<\/ol>\n\n\n\n<p>Das Ganze l\u00e4sst sich nach meiner Meinung sehr kurzfristig realisieren, weil alle notwendigen Entwicklungen daf\u00fcr vorhanden sind. Keine gro\u00dfen B\u00fcrgerproteste bei der Verwirklichung drohen. Und auch die ben\u00f6tigten Fl\u00e4chen f\u00fcr die Anlagentechnik vorhanden sind und die notwendigen Stromtrassen, denn der Strom kann in beide Richtungen fliesen.<\/p>\n\n\n\n<p>Das w\u00e4re nach meiner Meinung sinnvoller, als Fl\u00fcssiggas zu importieren, das aus Fracking gewonnen wird. Die Verwirklichung der Fl\u00fcssiggasterminals dauert auch mehrere Jahre. Ich bin der festen \u00dcberzeugung das man in diesem Zeitraum auch einen gro\u00dfen Teil der beschriebenen L\u00f6sung verwirklichen k\u00f6nnte.<\/p>\n\n\n\n<p>Eine Karte der vorhandenen Gasspeicher:<\/p>\n\n\n\n<figure class=\"wp-block-image size-full\"><img loading=\"lazy\" decoding=\"async\" width=\"908\" height=\"926\" src=\"https:\/\/hhab-technik.de\/wp-content\/uploads\/2023\/11\/grafik-1.png\" alt=\"\" class=\"wp-image-447\" srcset=\"https:\/\/hhab-technik.de\/wp-content\/uploads\/2023\/11\/grafik-1.png 908w, https:\/\/hhab-technik.de\/wp-content\/uploads\/2023\/11\/grafik-1-294x300.png 294w, https:\/\/hhab-technik.de\/wp-content\/uploads\/2023\/11\/grafik-1-768x783.png 768w\" sizes=\"(max-width: 908px) 100vw, 908px\" \/><\/figure>\n\n\n\n<p>Gasleitungsinfrastruktur Deutschland:<\/p>\n\n\n\n<figure class=\"wp-block-image size-large\"><img loading=\"lazy\" decoding=\"async\" width=\"877\" height=\"1024\" src=\"https:\/\/hhab-technik.de\/wp-content\/uploads\/2023\/11\/grafik-2-877x1024.png\" alt=\"\" class=\"wp-image-448\" srcset=\"https:\/\/hhab-technik.de\/wp-content\/uploads\/2023\/11\/grafik-2-877x1024.png 877w, https:\/\/hhab-technik.de\/wp-content\/uploads\/2023\/11\/grafik-2-257x300.png 257w, https:\/\/hhab-technik.de\/wp-content\/uploads\/2023\/11\/grafik-2-768x896.png 768w, https:\/\/hhab-technik.de\/wp-content\/uploads\/2023\/11\/grafik-2.png 982w\" sizes=\"(max-width: 877px) 100vw, 877px\" \/><\/figure>\n\n\n\n<p>Ein zus\u00e4tzlicher Effekt w\u00e4re der, dass bei einer Zwischenspeicherung von elektrischer Energie in Gasspeichern ein Energietransfer von Norddeutschland nach S\u00fcddeutschland \u00fcber die Gasleitungsinfrastruktur m\u00f6glich w\u00e4re.<\/p>\n\n\n\n<p>(Bitte das Copyright beachten)<\/p>\n\n\n\n<p><br>Die Gesamtleistung der heutigen Gaskraftwerke betr\u00e4gt ca.&nbsp; 40 GW. Das hei\u00dft, dass der variable unterirdische Energiespeicher, eine max. Leistung von 40 GW hat.<\/p>\n\n\n\n<p>Die Leistung der Gaskraftwerke sollte deutlich erh\u00f6ht werden, um m\u00f6glichst viel Leistung zu erzeugen, wenn nicht genug Energie aus Wind und Sonne erzeugt werden kann.<\/p>\n\n\n\n<p>Das Speichern von \u00fcbersch\u00fcssiger Energie aus Wind oder Sonne ist in fast beliebiger Gr\u00f6\u00dfe m\u00f6glich.<\/p>\n\n\n\n<p>Dazu sollten an m\u00f6glichst vielen Kohlekraftwerken, breit gestreut in Deutschland, PEM-Stacks mit Methanisierungsanlagen installiert werden.<\/p>\n\n\n\n<p>Zusammenfassung dieses L\u00f6sungsvorschlags:<\/p>\n\n\n\n<ol style=\"list-style-type:1\">\n<li>Die vorhandenen Kohlekraftwerke w\u00fcrden zur Methangasproduktion benutzt werden und das mit einem Wirkungsgrad von ca. 87%. Pro kWh Strom aus Kohlekraftwerken entsteht ca. 360g CO2. Aus 3 kg CO2 in Kombination mit 1 kg Wasserstoff entstehen 4 kg Methan.<\/li>\n\n\n\n<li>Die Abgase der Kohlekraftwerke w\u00fcrden weniger CO2 enthalten.<\/li>\n\n\n\n<li>Die vorhandenen Gaskraftwerke h\u00e4tten eine bessere Auslastung, weil sie als Energiequellen genutzt w\u00fcrden, wenn nicht gen\u00fcgend Erneuerbare Energie erzeugt wird.<\/li>\n\n\n\n<li>Man erzeugt dadurch nicht nur Strom, sondern auch Methan f\u00fcr die Chemische Industrie und die Haushalte.<\/li>\n<\/ol>\n\n\n\n<p><em>Bemerkung zum Wirkungsgrad der Methanerzeugung:<\/em><\/p>\n\n\n\n<p><em>Der Wirkungsgrad w\u00e4re sehr schlecht. 15% Verlust durch das trennen des CO2, dann noch Verluste durch die Wasserstoff- und Methanerzeugung.<\/em><\/p>\n\n\n\n<p><em>Nun muss man aber folgendes dabei beachten. F\u00fcr die Stromerzeugung aus Sonne und Wind fallen keine Betriebskosten an. Sonne und Wind kosten kein Geld.<\/em><\/p>\n\n\n\n<p><em>Also, wenn Energie aus Sonne oder&nbsp;Wind hergestellt wird, die man sonst nicht&nbsp;umsetzen kann, wird diese Energiequelle ausgeschaltet. Also wird Null Energie erzeugt.<\/em><\/p>\n\n\n\n<p><em>Mit Hilfe von Kohlekraftwerken kann diese jetzt gespeichert werden, also hat man quasi einen 100% Wirkungsgrad.<\/em><\/p>\n\n\n\n<p><em>Also unterscheiden zwischen den technischen Wirkungsgrad und den wirtschaftlichen Wirkungsgrad.<\/em><\/p>\n\n\n\n<p>Das w\u00e4re jetzt eine kurzfristige schnelle L\u00f6sung.<\/p>\n\n\n\n<p>Langfristig muss man eine reine Wasserstoffl\u00f6sung verwirklichen.<\/p>\n","protected":false},"excerpt":{"rendered":"<p>hiermit m\u00f6chte ich eine m\u00f6gliche L\u00f6sung f\u00fcr den Klimawandel bzw. die Energiewende vorstellen. Die ideale L\u00f6sung f\u00fcr die Energiewende sieht so aus, dass m\u00f6glichst kein CO2 bei der Energiegewinnung entsteht. Also die komplette Energie aus erneuerbaren Energiequellen entsteht: Die ben\u00f6tigten Energiespeicher werden durch folgende Speichertypen realisiert: Nun muss man beachten, wenn man m\u00f6glichst die ganze &#8230; <a title=\"L\u00f6sungsvorschlag Energiewende\" class=\"read-more\" href=\"https:\/\/hhab-technik.de\/?page_id=521\" aria-label=\"Mehr dazu unter L\u00f6sungsvorschlag Energiewende\">Weiterlesen<\/a><\/p>\n","protected":false},"author":1,"featured_media":0,"parent":0,"menu_order":0,"comment_status":"closed","ping_status":"closed","template":"","meta":{"footnotes":""},"_links":{"self":[{"href":"https:\/\/hhab-technik.de\/index.php?rest_route=\/wp\/v2\/pages\/521"}],"collection":[{"href":"https:\/\/hhab-technik.de\/index.php?rest_route=\/wp\/v2\/pages"}],"about":[{"href":"https:\/\/hhab-technik.de\/index.php?rest_route=\/wp\/v2\/types\/page"}],"author":[{"embeddable":true,"href":"https:\/\/hhab-technik.de\/index.php?rest_route=\/wp\/v2\/users\/1"}],"replies":[{"embeddable":true,"href":"https:\/\/hhab-technik.de\/index.php?rest_route=%2Fwp%2Fv2%2Fcomments&post=521"}],"version-history":[{"count":7,"href":"https:\/\/hhab-technik.de\/index.php?rest_route=\/wp\/v2\/pages\/521\/revisions"}],"predecessor-version":[{"id":610,"href":"https:\/\/hhab-technik.de\/index.php?rest_route=\/wp\/v2\/pages\/521\/revisions\/610"}],"wp:attachment":[{"href":"https:\/\/hhab-technik.de\/index.php?rest_route=%2Fwp%2Fv2%2Fmedia&parent=521"}],"curies":[{"name":"wp","href":"https:\/\/api.w.org\/{rel}","templated":true}]}}