{"id":50,"date":"2023-10-08T10:07:51","date_gmt":"2023-10-08T08:07:51","guid":{"rendered":"https:\/\/hhab-technik.de\/?page_id=50"},"modified":"2023-11-11T20:38:13","modified_gmt":"2023-11-11T19:38:13","slug":"heizungsvergleich","status":"publish","type":"page","link":"https:\/\/hhab-technik.de\/?page_id=50","title":{"rendered":"Heizungsvergleich"},"content":{"rendered":"\n<p><br><\/p>\n\n\n\n<p>Checkliste Heizung:<\/p>\n\n\n\n<figure class=\"wp-block-image size-full\"><img loading=\"lazy\" decoding=\"async\" width=\"908\" height=\"510\" src=\"https:\/\/hhab-technik.de\/wp-content\/uploads\/2023\/11\/grafik.png\" alt=\"\" class=\"wp-image-444\" srcset=\"https:\/\/hhab-technik.de\/wp-content\/uploads\/2023\/11\/grafik.png 908w, https:\/\/hhab-technik.de\/wp-content\/uploads\/2023\/11\/grafik-300x169.png 300w, https:\/\/hhab-technik.de\/wp-content\/uploads\/2023\/11\/grafik-768x431.png 768w\" sizes=\"(max-width: 908px) 100vw, 908px\" \/><\/figure>\n\n\n\n<ol type=\"1\">\n<li>Ermittlung des j\u00e4hrlichen Energieverbrauchs:<br>Der j\u00e4hrliche Energieverbrauch wird mit in einem Energieausweis dokumentiert:<br><img loading=\"lazy\" decoding=\"async\" width=\"454\" height=\"255\" src=\"\" alt=\"Energieausweis: Was sagt dieser Steckbrief f\u00fcr Wohngeb\u00e4ude aus? |  Verbraucherzentrale.de\"><br>Wenn sie so einen Energiepass nicht haben, k\u00f6nnen sie den aktuelle Wert auch \u00fcberschlagsm\u00e4\u00dfig selbst bestimmen.<\/li>\n<\/ol>\n\n\n\n<p>Der angegebene Wert entspricht dem Energieverbrauch ihres Haus\/Wohnung pro m\u00b2 im Jahr. Also wenn er 125 (Klasse D) ist, hei\u00dft das, dass ihr Haus 125 kWh pro m\u00b2 im Jahr verbraucht (z.B. Haus mit einer Wohnfl\u00e4che von 100 m\u00b2 hat einen Energieverbrauch von 12.500 kWh).<br><br>&nbsp;1.&nbsp; Ermittlung der Wohnfl\u00e4che in m\u00b2 die beheizt wird <strong>F<br><\/strong>&nbsp;2.&nbsp;&nbsp; Ermittlung des Energieverbrauchs im Jahr in kWh:<br>&nbsp;&nbsp;&nbsp; a. &nbsp;&nbsp;Bei einer \u00d6lheizung ist das: \u00d6lverbrauch im Jahr in Liter x 10 kWh.&nbsp; <strong>E Geb\u00e4ude<\/strong><br>&nbsp;&nbsp;&nbsp; b.&nbsp;&nbsp; Bei einer Gasheizung ist das: Gasmenge im Jahr in m\u00b3 x 11,2 kWh.&nbsp;&nbsp; <strong>E Geb\u00e4ude<br>&nbsp;&nbsp; <\/strong>c.<strong>&nbsp; <\/strong>Bei einer Pelletheizung ist das: Pelletmenge im Jahr in kg x 5 kWh.&nbsp;&nbsp; <strong>E Geb\u00e4ude<br>Der Energieverbrauch ihres Hauses\/Wohnung ist = E Geb\u00e4ude \/ F<br><\/strong>Umso kleiner dieser Wert ist umso besser.<\/p>\n\n\n\n<ul>\n<li>Absch\u00e4tzung der Energiekosten, wenn sie Ihr Haus\/Wohnung mit einer W\u00e4rmepumpe heizen wollen:<br>Folgende Angaben ben\u00f6tigen Sie f\u00fcr diese Absch\u00e4tzung:<br>Das Datenblatt der W\u00e4rmepumpe<br>Die aktuellen Strompreise<br>Die aktuellen Gaspreise<\/li>\n<\/ul>\n\n\n\n<p>Mit Hilfe des Datenblatts bestimmen sie die Leistungszahl (COP) der W\u00e4rmepumpe. Daf\u00fcr ben\u00f6tigen sie die Vorlauftemperatur ihrer Heizung die W\u00e4rmeleistung ihrer Heizung.<br>Z.B.: Ihre Vorlauftemperatur im Winter betr\u00e4gt 45\u00b0C dann ist der COP ihrer W\u00e4rmepumpe bei einer Au\u00dfentemperatur von -5\u00b0C &nbsp;&nbsp;<strong>COP = 2,2<br>Diese Absch\u00e4tzung muss ein Fachmann vornehmen.<\/strong><\/p>\n\n\n\n<p><strong>Diagramm einer W\u00e4rmepumpE<br><\/strong><br><img loading=\"lazy\" decoding=\"async\" width=\"254\" height=\"153\" src=\"\" alt=\"Wie funktioniert die Luftw\u00e4rmepumpe? - heizkostenrechner.com\">&nbsp;<a href=\"https:\/\/www.heizkostenrechner.com\/luftwaermepumpe\/\">https:\/\/www.heizkostenrechner.com\/luftwaermepumpe\/<\/a><br>&nbsp;<\/p>\n\n\n\n<p>F\u00fcr einen Kostenvergleich ben\u00f6tigen sie jetzt noch den aktuellen Strompreis und aktuellen Gaspreis.<\/p>\n\n\n\n<p>Strompreis:<\/p>\n\n\n\n<figure class=\"wp-block-image\"><img decoding=\"async\" src=\"\" alt=\"\"\/><\/figure>\n\n\n\n<p>Gaspreis:<\/p>\n\n\n\n<figure class=\"wp-block-image\"><img decoding=\"async\" src=\"\" alt=\"\"\/><\/figure>\n\n\n\n<h1 class=\"wp-block-heading\">Preisvergleich zwischen W\u00e4rmepumpe und Gasheizung:<\/h1>\n\n\n\n<p>Eine Gasheizung ist solange g\u00fcnstiger, solange die Gaskosten pro kWh geringer sind, wie die Stromkosten\/COP.<\/p>\n\n\n\n<p><br>Beispiel: COP = 2,5 Energieverbrauch ihres Hauses\/Wohnung 12.500 kWh:<\/p>\n\n\n\n<p>Gasheizung Energiekosten:&nbsp; &nbsp;&nbsp;&nbsp;&nbsp;&nbsp;&nbsp;&nbsp;&nbsp;&nbsp;&nbsp; 12.500 kWh * 10,95 Cent\/kWh = 1.369 \u20ac<\/p>\n\n\n\n<p>W\u00e4rmepumpen Energiekosten:&nbsp;&nbsp;&nbsp;&nbsp;&nbsp;&nbsp; 12.500 kWh \/ 2,5 * 45,6 Cent\/kWh = 2.280 \u20ac<br>&nbsp;&nbsp;&nbsp;&nbsp;&nbsp; &nbsp;&nbsp;&nbsp;&nbsp;&nbsp;&nbsp;&nbsp;&nbsp;&nbsp;&nbsp;&nbsp;&nbsp;&nbsp;&nbsp;&nbsp;&nbsp;&nbsp;&nbsp;&nbsp;&nbsp;&nbsp;&nbsp;&nbsp;&nbsp;&nbsp;&nbsp;&nbsp;&nbsp;&nbsp;&nbsp;&nbsp;&nbsp;&nbsp;&nbsp;&nbsp;&nbsp; &nbsp;&nbsp;&nbsp;&nbsp;&nbsp;&nbsp;&nbsp;entspricht 5.000 kWh * 45,6 Cent\/kWh = 2.280 \u20ac<\/p>\n\n\n\n<p>Eine W\u00e4rmepumpe ist also nur g\u00fcnstiger, wenn ein gro\u00dfer Teil der ben\u00f6tigten Energie selbst erzeugt wird, z.B. aus einer Photovoltaikanlage. In diesem Beispiel m\u00fcssten min. 2.000 kWh durch eine eigene Photovoltaikanlage geliefert werden, um g\u00fcnstiger als eine Gasheizung zu werden:<\/p>\n\n\n\n<p>3.000 kWh * 45,6 Cent\/kWh = 1.368 \u20ac<\/p>\n\n\n\n<p>Um den Vergleich abzurunden hier noch die Kosten einer Pelletheizung:<\/p>\n\n\n\n<p>F\u00fcr eine Heizleistung von 12.500 kWh ben\u00f6tigt eine Pelletheizung<br>&nbsp;&nbsp;&nbsp;&nbsp;&nbsp; 12.500 kWh \/ 5 kWh\/kg Pellet, &nbsp;also 2500 Kg Pellet. &nbsp;Preis pro t 430 \u20ac also 1.075 \u20ac<\/p>\n\n\n\n<p>F\u00fcr eine Tonne Pellets (~ 1.000 Kilogramm) ben\u00f6tigen Sie rund <strong>1,5 Kubikmeter Raum.&nbsp;Also bei der Lagerung von 3.000kg Pellet ca. 4,5 m\u00b3 Raum.<\/strong><\/p>\n\n\n\n<p><strong>F\u00fcr den Ersatz einer \u00d6lheizung bedeutet das, wenn sie ihren \u00d6ltank im Haus haben k\u00f6nnen sie diesen Raum f\u00fcr die Lagerung der Pellet nutzen.<\/strong><strong><\/strong><\/p>\n\n\n\n<p><strong>Bei einer Gasheizung oder einem Au\u00dfen\u00f6ltank ben\u00f6tigen sie einen Kellerraum f\u00fcr die Lagerung der Pellet.<\/strong><strong><\/strong><\/p>\n\n\n\n<p><strong>Also w\u00e4re die Pelletheizung die beste L\u00f6sung, wenn es genug Holz g\u00e4be, das man verbrennen kann oder m\u00f6chte.<\/strong><\/p>\n\n\n\n<h2 class=\"wp-block-heading\"><strong>Aber es geht ja beim Heizungstausch nicht haupts\u00e4chlich um die Kosten, sondern um die Einsparung von CO2 Emission. <\/strong><strong><\/strong><\/h2>\n\n\n\n<p><strong>Also muss man wissen wieviel CO2 wird bei welchem Brennstoff pro kWh freigesetzt?<\/strong><strong><\/strong><\/p>\n\n\n\n<figure class=\"wp-block-table\"><table><tbody><tr><td><\/td><td>CO2 kg pro kWh<\/td><\/tr><tr><td>Erd\u00f6l<\/td><td>0,266<\/td><\/tr><tr><td>Erdgas<\/td><td>0,247<\/td><\/tr><tr><td>Pellet<\/td><td>0,022<\/td><\/tr><tr><td>Strom<\/td><td>0,42<\/td><\/tr><tr><td>Steinkohle<\/td><td>0,735<\/td><\/tr><tr><td>Braunkohle<\/td><td>0,94<\/td><\/tr><\/tbody><\/table><\/figure>\n\n\n\n<p><strong>Das w\u00fcrde bei unserem Beispiel folgendes bedeuten:<\/strong><strong><\/strong><\/p>\n\n\n\n<figure class=\"wp-block-table\"><table><tbody><tr><td><strong>Brennstoff<\/strong><\/td><td><strong>Ben\u00f6tigte Energie [kWh]<\/strong><\/td><td><strong>CO2 [Tonnen]<\/strong><\/td><td><strong>\u00c4nderung in % zu Erdgas<\/strong><\/td><\/tr><tr><td><strong>Erdgas&nbsp; <\/strong><strong><\/strong><\/td><td><strong>12.500<\/strong><strong><\/strong><\/td><td><strong>3,087<\/strong><strong><\/strong><\/td><td><strong>0%<\/strong><strong><\/strong><\/td><\/tr><tr><td><strong>Strom ohne W\u00e4rmepumpe<\/strong><strong><\/strong><\/td><td><strong>12.500<\/strong><strong><\/strong><\/td><td><strong>5,250<\/strong><strong><\/strong><\/td><td><strong>+70,1%<\/strong><strong><\/strong><\/td><\/tr><tr><td><strong>Pellet<\/strong><strong><\/strong><\/td><td><strong>12.500<\/strong><strong><\/strong><\/td><td><strong>0,275<\/strong><strong><\/strong><\/td><td><strong>-91,1%<\/strong><strong><\/strong><\/td><\/tr><tr><td><strong>Strom W\u00e4rmepumpe COP 2,5<\/strong><strong><\/strong><\/td><td><strong>5.000<\/strong><strong><\/strong><\/td><td><strong>2,100<\/strong><strong><\/strong><\/td><td><strong>-32,0%<\/strong><strong><\/strong><\/td><\/tr><tr><td><strong>Strom W\u00e4rmepumpe COP 2,5<br>+ 2.000 kWh aus Photovoltaik<\/strong><strong><\/strong><\/td><td><strong>3.000<\/strong><strong><\/strong><\/td><td><strong>1,260<\/strong><strong><\/strong><\/td><td><strong>-59,2%<\/strong><strong><\/strong><\/td><\/tr><\/tbody><\/table><\/figure>\n\n\n\n<p><strong>Also w\u00e4re die Pelletheizung die beste L\u00f6sung, wenn es genug Holz g\u00e4be, das man verbrennen kann bzw. m\u00f6chte. F\u00fcr die riesigen Mengen der Heizungen, die umger\u00fcstet werden m\u00fcssen wird das aber nicht gehen.<\/strong><strong><\/strong><\/p>\n\n\n\n<p><strong>Also w\u00e4re, f\u00fcr das Klima, die W\u00e4rmepumpe eine bessere L\u00f6sung als die Gasheizung, aber nicht die wirtschaftlich bessere L\u00f6sung.<\/strong><strong><\/strong><\/p>\n\n\n\n<p><strong>Erst wenn man eine W\u00e4rmepumpe mit einer Photovoltaikanlage kombiniert hat man die optimale L\u00f6sung.<\/strong><strong><\/strong><\/p>\n\n\n\n<p><strong>Das scheitert aber daran, dass nicht alle Heizungsnutzer die M\u00f6glichkeit haben eine Photovoltaikanlage zu installieren. <\/strong><strong><\/strong><\/p>\n\n\n\n<p><strong>Also w\u00e4re es sinnvoll, wenn den B\u00fcrgern Freifl\u00e4chen zur Verf\u00fcgung gestellt werden, auf denen Photovoltaikanlagen errichtet werden k\u00f6nnen, in Form einer Genossenschaft.<\/strong><strong><\/strong><\/p>\n\n\n\n<h1 class=\"wp-block-heading\">Was passiert bei einer CO2 Bepreisung<\/h1>\n\n\n\n<p><strong>w\u00fcrde bei unserem Beispiel folgendes bedeuten:<\/strong><strong><\/strong><\/p>\n\n\n\n<p><strong>Mehrkosten der Beispiel Heizung mit einem W\u00e4rmebedarf von 12.500 kWh:<\/strong><strong><\/strong><\/p>\n\n\n\n<figure class=\"wp-block-table\"><table><tbody><tr><td><strong>Brennstoff<\/strong><\/td><td><strong>CO2 [Tonnen]<\/strong><\/td><td><strong>CO2 Preis<\/strong> <strong>30\u20ac<\/strong><\/td><td><strong>CO2 Preis<\/strong> <strong>50\u20ac<\/strong><\/td><td><strong>CO2 Preis<\/strong> <strong>70\u20ac<\/strong><\/td><td><strong>CO2 Preis<\/strong> <strong>90\u20ac<\/strong><\/td><td><strong>CO2 Preis<\/strong> <strong>110\u20ac<\/strong><\/td><td><strong>CO2 Preis<\/strong> <strong>130\u20ac<\/strong><\/td><td><strong>CO2 Preis<\/strong> <strong>150\u20ac<\/strong><\/td><\/tr><tr><td><strong>Erdgas&nbsp; <\/strong><strong><\/strong><\/td><td><strong>3,087<\/strong><strong><\/strong><\/td><td>92,61<\/td><td>154,35<\/td><td>216,09<\/td><td>277,83<\/td><td>339,57<\/td><td>401,31<\/td><td>463,05<\/td><\/tr><tr><td><strong>Strom ohne W\u00e4rmepumpe<\/strong><strong><\/strong><\/td><td><strong>5,250<\/strong><strong><\/strong><\/td><td>157,50<\/td><td>262,50<\/td><td>367,50<\/td><td>472,50<\/td><td>577,50<\/td><td>682,50<\/td><td>787,50<\/td><\/tr><tr><td><strong>Pellet<\/strong><strong><\/strong><\/td><td><strong>0,275<\/strong><strong><\/strong><\/td><td>8,25<\/td><td>13,75<\/td><td>19,25<\/td><td>24,75<\/td><td>30,25<\/td><td>35,75<\/td><td>41,25<\/td><\/tr><tr><td><strong>Strom W\u00e4rmepumpe COP 2,5<\/strong><strong><\/strong><\/td><td><strong>2,100<\/strong><strong><\/strong><\/td><td>63,00<\/td><td>105,00<\/td><td>147,00<\/td><td>189,00<\/td><td>231,00<\/td><td>273,00<\/td><td>315,00<\/td><\/tr><tr><td><strong>Strom W\u00e4rmepumpe COP 2,5<br>+ 2.000 kWh aus Photovoltaik<\/strong><strong><\/strong><\/td><td><strong>1,260<\/strong><strong><\/strong><\/td><td>37,80<\/td><td>63,00<\/td><td>88,20<\/td><td>113,40<\/td><td>138,60<\/td><td>163,80<\/td><td>189,00<\/td><\/tr><\/tbody><\/table><\/figure>\n\n\n\n<p>Checkliste Heizung:<\/p>\n\n\n\n<ol type=\"1\">\n<li>Ermittlung des j\u00e4hrlichen Energieverbrauchs:<br>Der j\u00e4hrliche Energieverbrauch wird mit in einem Energieausweis dokumentiert:<br><img loading=\"lazy\" decoding=\"async\" width=\"454\" height=\"255\" src=\"\" alt=\"Energieausweis: Was sagt dieser Steckbrief f\u00fcr Wohngeb\u00e4ude aus? |  Verbraucherzentrale.de\"><br>Wenn sie so einen Energiepass nicht haben, k\u00f6nnen sie den aktuelle Wert auch \u00fcberschlagsm\u00e4\u00dfig selbst bestimmen.<br><\/li>\n<\/ol>\n\n\n\n<p>Der angegebene Wert entspricht dem Energieverbrauch ihres Haus\/Wohnung pro m\u00b2 im Jahr. Also wenn er 125 (Klasse D) ist, hei\u00dft das, dass ihr Haus 125 kWh pro m\u00b2 im Jahr verbraucht (z.B. Haus mit einer Wohnfl\u00e4che von 100 m\u00b2 hat einen Energieverbrauch von 12.500 kWh).<br><br>&nbsp;1.&nbsp; Ermittlung der Wohnfl\u00e4che in m\u00b2 die beheizt wird <strong>F<br><\/strong>&nbsp;2.&nbsp;&nbsp; Ermittlung des Energieverbrauchs im Jahr in kWh:<br>&nbsp;&nbsp;&nbsp; a. &nbsp;&nbsp;Bei einer \u00d6lheizung ist das: \u00d6lverbrauch im Jahr in Liter x 10 kWh.&nbsp; <strong>E Geb\u00e4ude<\/strong><br>&nbsp;&nbsp;&nbsp; b.&nbsp;&nbsp; Bei einer Gasheizung ist das: Gasmenge im Jahr in m\u00b3 x 11,2 kWh.&nbsp;&nbsp; <strong>E Geb\u00e4ude<br>&nbsp;&nbsp; <\/strong>c.<strong>&nbsp; <\/strong>Bei einer Pelletheizung ist das: Pelletmenge im Jahr in kg x 5 kWh.&nbsp;&nbsp; <strong>E Geb\u00e4ude<br>Der Energieverbrauch ihres Hauses\/Wohnung ist = E Geb\u00e4ude \/ F<br><\/strong>Umso kleiner dieser Wert ist umso besser.<\/p>\n\n\n\n<ul>\n<li>Absch\u00e4tzung der Energiekosten, wenn sie Ihr Haus\/Wohnung mit einer W\u00e4rmepumpe heizen wollen:<br>Folgende Angaben ben\u00f6tigen Sie f\u00fcr diese Absch\u00e4tzung:<br>Das Datenblatt der W\u00e4rmepumpe<br>Die aktuellen Strompreise<br>Die aktuellen Gaspreise<\/li>\n<\/ul>\n\n\n\n<p>Mit Hilfe des Datenblatts bestimmen sie die Leistungszahl (COP) der W\u00e4rmepumpe. Daf\u00fcr ben\u00f6tigen sie die Vorlauftemperatur ihrer Heizung die W\u00e4rmeleistung ihrer Heizung.<br>Z.B.: Ihre Vorlauftemperatur im Winter betr\u00e4gt 45\u00b0C dann ist der COP ihrer W\u00e4rmepumpe bei einer Au\u00dfentemperatur von -5\u00b0C &nbsp;&nbsp;<strong>COP = 2,2<br>Diese Absch\u00e4tzung muss ein Fachmann vornehmen.<\/strong><\/p>\n\n\n\n<p><strong>Diagramm einer W\u00e4rmepumpE<br><\/strong><br><img loading=\"lazy\" decoding=\"async\" width=\"254\" height=\"153\" src=\"\" alt=\"Wie funktioniert die Luftw\u00e4rmepumpe? - heizkostenrechner.com\">&nbsp;<a href=\"https:\/\/www.heizkostenrechner.com\/luftwaermepumpe\/\">https:\/\/www.heizkostenrechner.com\/luftwaermepumpe\/<\/a><br>&nbsp;<\/p>\n\n\n\n<p>F\u00fcr einen Kostenvergleich ben\u00f6tigen sie jetzt noch den aktuellen Strompreis und aktuellen Gaspreis.<\/p>\n\n\n\n<p>Strompreis:<\/p>\n\n\n\n<figure class=\"wp-block-image\"><img decoding=\"async\" src=\"\" alt=\"\"\/><\/figure>\n\n\n\n<p>Gaspreis:<\/p>\n\n\n\n<figure class=\"wp-block-image\"><img decoding=\"async\" src=\"\" alt=\"\"\/><\/figure>\n\n\n\n<h1 class=\"wp-block-heading\">Preisvergleich zwischen W\u00e4rmepumpe und Gasheizung:<\/h1>\n\n\n\n<p>Eine Gasheizung ist solange g\u00fcnstiger, solange die Gaskosten pro kWh geringer sind, wie die Stromkosten\/COP.<\/p>\n\n\n\n<p><br>Beispiel: COP = 2,5 Energieverbrauch ihres Hauses\/Wohnung 12.500 kWh:<\/p>\n\n\n\n<p>Gasheizung Energiekosten:&nbsp; &nbsp;&nbsp;&nbsp;&nbsp;&nbsp;&nbsp;&nbsp;&nbsp;&nbsp;&nbsp; 12.500 kWh * 10,95 Cent\/kWh = 1.369 \u20ac<\/p>\n\n\n\n<p>W\u00e4rmepumpen Energiekosten:&nbsp;&nbsp;&nbsp;&nbsp;&nbsp;&nbsp; 12.500 kWh \/ 2,5 * 45,6 Cent\/kWh = 2.280 \u20ac<br>&nbsp;&nbsp;&nbsp;&nbsp;&nbsp; &nbsp;&nbsp;&nbsp;&nbsp;&nbsp;&nbsp;&nbsp;&nbsp;&nbsp;&nbsp;&nbsp;&nbsp;&nbsp;&nbsp;&nbsp;&nbsp;&nbsp;&nbsp;&nbsp;&nbsp;&nbsp;&nbsp;&nbsp;&nbsp;&nbsp;&nbsp;&nbsp;&nbsp;&nbsp;&nbsp;&nbsp;&nbsp;&nbsp;&nbsp;&nbsp;&nbsp; &nbsp;&nbsp;&nbsp;&nbsp;&nbsp;&nbsp;&nbsp;entspricht 5.000 kWh * 45,6 Cent\/kWh = 2.280 \u20ac<\/p>\n\n\n\n<p>Eine W\u00e4rmepumpe ist also nur g\u00fcnstiger, wenn ein gro\u00dfer Teil der ben\u00f6tigten Energie selbst erzeugt wird, z.B. aus einer Photovoltaikanlage. In diesem Beispiel m\u00fcssten min. 2.000 kWh durch eine eigene Photovoltaikanlage geliefert werden, um g\u00fcnstiger als eine Gasheizung zu werden:<\/p>\n\n\n\n<p>3.000 kWh * 45,6 Cent\/kWh = 1.368 \u20ac<\/p>\n\n\n\n<p>Um den Vergleich abzurunden hier noch die Kosten einer Pelletheizung:<\/p>\n\n\n\n<p>F\u00fcr eine Heizleistung von 12.500 kWh ben\u00f6tigt eine Pelletheizung<br>&nbsp;&nbsp;&nbsp;&nbsp;&nbsp; 12.500 kWh \/ 5 kWh\/kg Pellet, &nbsp;also 2500 Kg Pellet. &nbsp;Preis pro t 430 \u20ac also 1.075 \u20ac<\/p>\n\n\n\n<p>F\u00fcr eine Tonne Pellets (~ 1.000 Kilogramm) ben\u00f6tigen Sie rund <strong>1,5 Kubikmeter Raum.&nbsp;Also bei der Lagerung von 3.000kg Pellet ca. 4,5 m\u00b3 Raum.<\/strong><\/p>\n\n\n\n<p><strong>F\u00fcr den Ersatz einer \u00d6lheizung bedeutet das, wenn sie ihren \u00d6ltank im Haus haben k\u00f6nnen sie diesen Raum f\u00fcr die Lagerung der Pellet nutzen.<\/strong><strong><\/strong><\/p>\n\n\n\n<p><strong>Bei einer Gasheizung oder einem Au\u00dfen\u00f6ltank ben\u00f6tigen sie einen Kellerraum f\u00fcr die Lagerung der Pellet.<\/strong><strong><\/strong><\/p>\n\n\n\n<p><strong>Also w\u00e4re die Pelletheizung die beste L\u00f6sung, wenn es genug Holz g\u00e4be, das man verbrennen kann oder m\u00f6chte.<\/strong><\/p>\n\n\n\n<h2 class=\"wp-block-heading\"><strong>Aber es geht ja beim Heizungstausch nicht haupts\u00e4chlich um die Kosten, sondern um die Einsparung von CO2 Emission. <\/strong><strong><\/strong><\/h2>\n\n\n\n<p><strong>Also muss man wissen wieviel CO2 wird bei welchem Brennstoff pro kWh freigesetzt?<\/strong><strong><\/strong><\/p>\n\n\n\n<figure class=\"wp-block-table\"><table><tbody><tr><td><\/td><td>CO2 kg pro kWh<\/td><\/tr><tr><td>Erd\u00f6l<\/td><td>0,266<\/td><\/tr><tr><td>Erdgas<\/td><td>0,247<\/td><\/tr><tr><td>Pellet<\/td><td>0,022<\/td><\/tr><tr><td>Strom<\/td><td>0,42<\/td><\/tr><tr><td>Steinkohle<\/td><td>0,735<\/td><\/tr><tr><td>Braunkohle<\/td><td>0,94<\/td><\/tr><\/tbody><\/table><\/figure>\n\n\n\n<p><strong>Das w\u00fcrde bei unserem Beispiel folgendes bedeuten:<\/strong><strong><\/strong><\/p>\n\n\n\n<figure class=\"wp-block-table\"><table><tbody><tr><td><strong>Brennstoff<\/strong><\/td><td><strong>Ben\u00f6tigte Energie [kWh]<\/strong><\/td><td><strong>CO2 [Tonnen]<\/strong><\/td><td><strong>\u00c4nderung in % zu Erdgas<\/strong><\/td><\/tr><tr><td><strong>Erdgas&nbsp; <\/strong><strong><\/strong><\/td><td><strong>12.500<\/strong><strong><\/strong><\/td><td><strong>3,087<\/strong><strong><\/strong><\/td><td><strong>0%<\/strong><strong><\/strong><\/td><\/tr><tr><td><strong>Strom ohne W\u00e4rmepumpe<\/strong><strong><\/strong><\/td><td><strong>12.500<\/strong><strong><\/strong><\/td><td><strong>5,250<\/strong><strong><\/strong><\/td><td><strong>+70,1%<\/strong><strong><\/strong><\/td><\/tr><tr><td><strong>Pellet<\/strong><strong><\/strong><\/td><td><strong>12.500<\/strong><strong><\/strong><\/td><td><strong>0,275<\/strong><strong><\/strong><\/td><td><strong>-91,1%<\/strong><strong><\/strong><\/td><\/tr><tr><td><strong>Strom W\u00e4rmepumpe COP 2,5<\/strong><strong><\/strong><\/td><td><strong>5.000<\/strong><strong><\/strong><\/td><td><strong>2,100<\/strong><strong><\/strong><\/td><td><strong>-32,0%<\/strong><strong><\/strong><\/td><\/tr><tr><td><strong>Strom W\u00e4rmepumpe COP 2,5<br>+ 2.000 kWh aus Photovoltaik<\/strong><strong><\/strong><\/td><td><strong>3.000<\/strong><strong><\/strong><\/td><td><strong>1,260<\/strong><strong><\/strong><\/td><td><strong>-59,2%<\/strong><strong><\/strong><\/td><\/tr><\/tbody><\/table><\/figure>\n\n\n\n<p><strong>Also w\u00e4re die Pelletheizung die beste L\u00f6sung, wenn es genug Holz g\u00e4be, das man verbrennen kann bzw. m\u00f6chte. F\u00fcr die riesigen Mengen der Heizungen, die umger\u00fcstet werden m\u00fcssen wird das aber nicht gehen.<\/strong><strong><\/strong><\/p>\n\n\n\n<p><strong>Also w\u00e4re, f\u00fcr das Klima, die W\u00e4rmepumpe eine bessere L\u00f6sung als die Gasheizung, aber nicht die wirtschaftlich bessere L\u00f6sung.<\/strong><strong><\/strong><\/p>\n\n\n\n<p><strong>Erst wenn man eine W\u00e4rmepumpe mit einer Photovoltaikanlage kombiniert hat man die optimale L\u00f6sung.<\/strong><strong><\/strong><\/p>\n\n\n\n<p><strong>Das scheitert aber daran, dass nicht alle Heizungsnutzer die M\u00f6glichkeit haben eine Photovoltaikanlage zu installieren. <\/strong><strong><\/strong><\/p>\n\n\n\n<p><strong>Also w\u00e4re es sinnvoll, wenn den B\u00fcrgern Freifl\u00e4chen zur Verf\u00fcgung gestellt werden, auf denen Photovoltaikanlagen errichtet werden k\u00f6nnen, in Form einer Genossenschaft.<\/strong><strong><\/strong><\/p>\n\n\n\n<h1 class=\"wp-block-heading\">Was passiert bei einer CO2 Bepreisung<\/h1>\n\n\n\n<p><strong>w\u00fcrde bei unserem Beispiel folgendes bedeuten:<\/strong><strong><\/strong><\/p>\n\n\n\n<p><strong>Mehrkosten der Beispiel Heizung mit einem W\u00e4rmebedarf von 12.500 kWh:<\/strong><strong><\/strong><\/p>\n\n\n\n<figure class=\"wp-block-table\"><table><tbody><tr><td><strong>Brennstoff<\/strong><\/td><td><strong>CO2 [Tonnen]<\/strong><\/td><td><strong>CO2 Preis<\/strong> <strong>30\u20ac<\/strong><\/td><td><strong>CO2 Preis<\/strong> <strong>50\u20ac<\/strong><\/td><td><strong>CO2 Preis<\/strong> <strong>70\u20ac<\/strong><\/td><td><strong>CO2 Preis<\/strong> <strong>90\u20ac<\/strong><\/td><td><strong>CO2 Preis<\/strong> <strong>110\u20ac<\/strong><\/td><td><strong>CO2 Preis<\/strong> <strong>130\u20ac<\/strong><\/td><td><strong>CO2 Preis<\/strong> <strong>150\u20ac<\/strong><\/td><\/tr><tr><td><strong>Erdgas&nbsp; <\/strong><strong><\/strong><\/td><td><strong>3,087<\/strong><strong><\/strong><\/td><td>92,61<\/td><td>154,35<\/td><td>216,09<\/td><td>277,83<\/td><td>339,57<\/td><td>401,31<\/td><td>463,05<\/td><\/tr><tr><td><strong>Strom ohne W\u00e4rmepumpe<\/strong><strong><\/strong><\/td><td><strong>5,250<\/strong><strong><\/strong><\/td><td>157,50<\/td><td>262,50<\/td><td>367,50<\/td><td>472,50<\/td><td>577,50<\/td><td>682,50<\/td><td>787,50<\/td><\/tr><tr><td><strong>Pellet<\/strong><strong><\/strong><\/td><td><strong>0,275<\/strong><strong><\/strong><\/td><td>8,25<\/td><td>13,75<\/td><td>19,25<\/td><td>24,75<\/td><td>30,25<\/td><td>35,75<\/td><td>41,25<\/td><\/tr><tr><td><strong>Strom W\u00e4rmepumpe COP 2,5<\/strong><strong><\/strong><\/td><td><strong>2,100<\/strong><strong><\/strong><\/td><td>63,00<\/td><td>105,00<\/td><td>147,00<\/td><td>189,00<\/td><td>231,00<\/td><td>273,00<\/td><td>315,00<\/td><\/tr><tr><td><strong>Strom W\u00e4rmepumpe COP 2,5<br>+ 2.000 kWh aus Photovoltaik<\/strong><strong><\/strong><\/td><td><strong>1,260<\/strong><strong><\/strong><\/td><td>37,80<\/td><td>63,00<\/td><td>88,20<\/td><td>113,40<\/td><td>138,60<\/td><td>163,80<\/td><td>189,00<\/td><\/tr><\/tbody><\/table><\/figure>\n\n\n\n<p>Vergleich <\/p>\n","protected":false},"excerpt":{"rendered":"<p>Checkliste Heizung: Der angegebene Wert entspricht dem Energieverbrauch ihres Haus\/Wohnung pro m\u00b2 im Jahr. Also wenn er 125 (Klasse D) ist, hei\u00dft das, dass ihr Haus 125 kWh pro m\u00b2 im Jahr verbraucht (z.B. Haus mit einer Wohnfl\u00e4che von 100 m\u00b2 hat einen Energieverbrauch von 12.500 kWh). &nbsp;1.&nbsp; Ermittlung der Wohnfl\u00e4che in m\u00b2 die beheizt &#8230; <a title=\"Heizungsvergleich\" class=\"read-more\" href=\"https:\/\/hhab-technik.de\/?page_id=50\" aria-label=\"Mehr dazu unter Heizungsvergleich\">Weiterlesen<\/a><\/p>\n","protected":false},"author":1,"featured_media":0,"parent":0,"menu_order":0,"comment_status":"closed","ping_status":"closed","template":"","meta":{"footnotes":""},"_links":{"self":[{"href":"https:\/\/hhab-technik.de\/index.php?rest_route=\/wp\/v2\/pages\/50"}],"collection":[{"href":"https:\/\/hhab-technik.de\/index.php?rest_route=\/wp\/v2\/pages"}],"about":[{"href":"https:\/\/hhab-technik.de\/index.php?rest_route=\/wp\/v2\/types\/page"}],"author":[{"embeddable":true,"href":"https:\/\/hhab-technik.de\/index.php?rest_route=\/wp\/v2\/users\/1"}],"replies":[{"embeddable":true,"href":"https:\/\/hhab-technik.de\/index.php?rest_route=%2Fwp%2Fv2%2Fcomments&post=50"}],"version-history":[{"count":3,"href":"https:\/\/hhab-technik.de\/index.php?rest_route=\/wp\/v2\/pages\/50\/revisions"}],"predecessor-version":[{"id":445,"href":"https:\/\/hhab-technik.de\/index.php?rest_route=\/wp\/v2\/pages\/50\/revisions\/445"}],"wp:attachment":[{"href":"https:\/\/hhab-technik.de\/index.php?rest_route=%2Fwp%2Fv2%2Fmedia&parent=50"}],"curies":[{"name":"wp","href":"https:\/\/api.w.org\/{rel}","templated":true}]}}