{"id":456,"date":"2023-11-16T17:54:47","date_gmt":"2023-11-16T16:54:47","guid":{"rendered":"https:\/\/hhab-technik.de\/?page_id=456"},"modified":"2025-08-18T13:11:00","modified_gmt":"2025-08-18T11:11:00","slug":"weg-zu-einem-gerechten-rentensystem","status":"publish","type":"page","link":"https:\/\/hhab-technik.de\/?page_id=456","title":{"rendered":"Weg zu einem gerechten Rentensystem"},"content":{"rendered":"J\u00e4hrlich wird das \u00f6ffentliche Rentensystem mit 112 Milliarden Euro\nbezuschusst. Dieser Zuschuss steigt j\u00e4hrlich. Wenn man jetzt noch bedenkt das\ndie Zahlungen der zuk\u00fcnftigen Pensionen auch noch nicht abgesichert sind, kommt\nauf die zuk\u00fcnftige Generation ein riesiges Problem zu.\n\n<!-- \/wp:paragraph --><!-- wp:paragraph -->\n\nDas Problem muss also schnellstens gel\u00f6st werden.\n\n<!-- \/wp:paragraph --><!-- wp:paragraph -->\n\nDaf\u00fcr w\u00fcrde ich folgende Vorgehensweise vorschlagen. Erstellung eins\nzukunftssicheren Rentensystems durch einen Expertenrat.\n\n<!-- \/wp:paragraph --><!-- wp:paragraph -->\n\nDas Ergebnis wird wahrscheinlich sein, dass einige Bev\u00f6lkerungsgruppen mehr\nAltersbez\u00fcge bekommen werden und einige andere Bev\u00f6lkerungsgruppen weniger\nAltersbez\u00fcge. Au\u00dferdem werden auch bestimmte Gruppen mehr einzahlen m\u00fcssen.\n\n<!-- \/wp:paragraph --><!-- wp:paragraph -->\n\nDiese Umstellung wird nicht durchf\u00fchrbar sein, weil kein Mensch freiwillig\nauf was verzichtet.\n\n<!-- \/wp:paragraph --><!-- wp:paragraph -->\n\nAlso hilft da nur die menschliche Eigenschaft auszunutzen, was mich jetzt\nnicht betrifft kann mir egal sein.\n\nDas Rentensystem in Deutschland ist nicht gerecht und f\u00fchrt zur Altersarmut. Die Menschen leben l\u00e4nger, es gibt zu wenige Kinder. Alles das ist bekannt. Es m\u00fcsste also was ge\u00e4ndert werden. Das geht aber nicht so einfach, denn alle 4 Jahre wird gew\u00e4hlt, so dass kein Politiker es wagt, eine Politik zu betreiben, bei der etwas gegen die \u00e4ltere Generation entschieden wird und was ja auch richtig ist, weil diese Generation mit diesem System alt geworden ist und auf diesem System sich verlassen hat. Die junge Generation wiederum wird immer schlechter gestellt, sie muss mehr zahlen f\u00fcr Ihre eigene Vorsorge und wird sp\u00e4ter weniger Geld bekommen wenn sie selbst in Rente geht und sie werden auch noch l\u00e4nger arbeiten m\u00fcssen.\n\nDas System muss ge\u00e4ndert werden und zwar jetzt. Das ginge aber nicht, das k\u00f6nnten wir uns nicht leisten, bei der Umstellung w\u00fcrden zu hohe Kosten entstehen, hei\u00dft es.\n\nWarum l\u00f6sen wir dieses Problem nicht folgenderma\u00dfen:\n<ol>\n \t<li>Als erstes wird von den besten Experten eine L\u00f6sung erarbeitet, die unter den bekannten Randbedingungen zu der besten L\u00f6sung f\u00fchrt, bei der der Staat m\u00f6glichst wenig belastet wird, wenn das System eingef\u00fchrt ist.<\/li>\n \t<li>Dann wird diese neue System sofort eingef\u00fchrt<\/li>\n \t<li>Dann wird ermittelt, wie lange die Umstellzeit ist, bis das System vollst\u00e4ndig umgestellt ist<\/li>\n \t<li>Dann werden die Kosten erfasst, die entstehen, f\u00fcr die bisherigen Rentner, das hei\u00dft eine Anzahl Rentner bekommt sofort mehr Geld, weil sie nach dem alten System zu geringe Beitr\u00e4ge eingezahlt haben (Alleinerziehende, Geringf\u00fchigbesch\u00e4ftigte usw.), andere Rentner bekommen zur Zeit vielleicht zu viel Rente, diese Rente sollen sie auch weiter bekommen.<\/li>\n \t<li>Diese Umstellungskosten werden dann, \u00e4hnlich wie der Solidarit\u00e4tsbeitarag, als Rentensoli, \u00fcber die Steuer finanziert.<\/li>\n \t<li>Diese Steuer ist kalkulierbar und zeitlich begrenzt. Auch w\u00fcrde die Akzeptanz f\u00fcr die Einf\u00fchrung dieses Rentensystem sehr hoch sein.\n<ol>\n \t<li>Viele Rentner werden finanziell besser gestellt<\/li>\n \t<li>Kein Rentner bekommt weniger Geld<\/li>\n \t<li>Alle Steuerzahler m\u00fcssen den Rentensoli bezahlen, durch eine l\u00e4ngere Laufzeit lie\u00dfe sich auch deren H\u00f6he beeinflussen<\/li>\n \t<li>Die j\u00fcngere Generation kann beruhigt alt werden<\/li>\n<\/ol>\n<\/li>\n<\/ol>\n<h1>Alternative Rentenfinanzierung<\/h1>\nZurzeit wird die Altersversorgung haupts\u00e4chlich aus der Rentenkasse bzw. Pensionskasse gezahlt.\n\nIch will, einfachhalber, hier nur die Finanzierung der Rentenkasse betrachten. Die Gelder f\u00fcr die laufenden Renten werden durch die aktuellen Rentenbeitr\u00e4ge der Sozialversicherten finanziert und die dann noch fehlenden Betr\u00e4ge (<strong>112 Mrd.<\/strong>). aus einem Staatszuschuss. <a href=\"https:\/\/rentenbescheid24.de\/unfassbar-112-mrd-euro-bundeszuschuss-fuer-die-rente-2023\/\">https:\/\/rentenbescheid24.de\/unfassbar-112-mrd-euro-bundeszuschuss-fuer-die-rente-2023\/<\/a>\n\nUm das Rentenniveau auf 48% zu halten, m\u00fcssen die Rentenbeitr\u00e4ge angepasst werden. Die Bundesregierung verspricht dabei den Beitragszahlern auch, die max. H\u00f6he der Beitragsbetr\u00e4ge zu begrenzen. Das Ganze geht nur bis zu einem bestimmten Zeitpunkt gut, dann sollen die fehlenden Summen aus den Gewinnen eines Aktiengest\u00fctzten Fond den Fehlbetrag ausgleichen.\n\nIch m\u00f6chte hier einen anderen oder erg\u00e4nzenden L\u00f6sungsvorschlag vorstellen:\n\nDaf\u00fcr w\u00fcrde der Staat jedem B\u00fcrger Fl\u00e4chen (Freifl\u00e4chen an den Autobahnen, D\u00e4cher von \u00f6ffentlichen Geb\u00e4uden), zur Verf\u00fcgung stellen oder Fl\u00e4chen pachten, auf dem eine stattliche Genossenschaft Photovoltaikanlagen installieren kann. Und zwar w\u00fcrde pro Einwohner jeweils 2 KWPeak Photovoltaikmodule installiert werden.\n\nDie Kosten w\u00fcrden ca. 200 Milliarden betragen, die \u00fcber einen privaten Investmentfond finanziert werden, der eine Laufzeit von 7 Jahren hat und mit 5% verzinst wird \u00a0Daf\u00fcr w\u00fcrde man ca. 20 Jahre fast 13 Milliarden Euro Einnahmen ben\u00f6tigt. Das Risiko f\u00fcr die Anleger ist gering, weil die Photovoltaikanlagen eine erprobte Technologie ist und die Abnahme der erzeugten Energie gesichert ist.\n\nHier eine grobe \u00dcberschlagsberechnung:\n<table width=\"537\">\n<tbody>\n<tr>\n<td width=\"269\">^<\/td>\n<td width=\"181\"><\/td>\n<td width=\"87\"><\/td>\n<\/tr>\n<tr>\n<td width=\"269\">Einwohneranzahl in Deutschland<\/td>\n<td width=\"181\">\u00a0\u00a0\u00a0\u00a0\u00a0\u00a0\u00a0\u00a0\u00a0\u00a0\u00a0\u00a0\u00a0\u00a0\u00a0\u00a0\u00a0\u00a0\u00a0\u00a0\u00a0\u00a0\u00a0\u00a0\u00a0\u00a0\u00a0\u00a0\u00a0 83.000.000<\/td>\n<td width=\"87\"><\/td>\n<\/tr>\n<tr>\n<td width=\"269\">Staatszuschuss Photovoltaik pro Einwohner<\/td>\n<td width=\"181\">2<\/td>\n<td width=\"87\">KWPEAK<\/td>\n<\/tr>\n<tr>\n<td width=\"269\">Installierte Leistung<\/td>\n<td width=\"181\">\u00a0\u00a0\u00a0\u00a0\u00a0\u00a0\u00a0\u00a0\u00a0\u00a0\u00a0\u00a0\u00a0\u00a0\u00a0\u00a0\u00a0\u00a0\u00a0\u00a0\u00a0\u00a0\u00a0\u00a0\u00a0\u00a0 166.000.000<\/td>\n<td width=\"87\">KWPEAK<\/td>\n<\/tr>\n<tr>\n<td width=\"269\">Erzeugte Leistung pro. kWPeak im Jahr<\/td>\n<td width=\"181\">1000<\/td>\n<td width=\"87\">kWh<\/td>\n<\/tr>\n<tr>\n<td width=\"269\">Erzeugte Energie pro Jahr<\/td>\n<td width=\"181\">\u00a0\u00a0\u00a0\u00a0\u00a0\u00a0\u00a0\u00a0\u00a0\u00a0\u00a0\u00a0\u00a0\u00a0\u00a0 166.000.000.000<\/td>\n<td width=\"87\">kWh<\/td>\n<\/tr>\n<tr>\n<td width=\"269\"><\/td>\n<td width=\"181\">\u00a0\u00a0\u00a0\u00a0\u00a0\u00a0\u00a0\u00a0\u00a0\u00a0\u00a0\u00a0\u00a0\u00a0\u00a0\u00a0\u00a0\u00a0\u00a0\u00a0\u00a0\u00a0\u00a0\u00a0\u00a0\u00a0 166.000.000<\/td>\n<td width=\"87\">MWh<\/td>\n<\/tr>\n<tr>\n<td width=\"269\"><\/td>\n<td width=\"181\">\u00a0\u00a0\u00a0\u00a0\u00a0\u00a0\u00a0\u00a0\u00a0\u00a0\u00a0\u00a0\u00a0\u00a0\u00a0\u00a0\u00a0\u00a0\u00a0\u00a0\u00a0\u00a0\u00a0\u00a0\u00a0\u00a0\u00a0\u00a0\u00a0\u00a0\u00a0\u00a0\u00a0\u00a0\u00a0\u00a0 166.000<\/td>\n<td width=\"87\">GWh<\/td>\n<\/tr>\n<tr>\n<td width=\"269\"><\/td>\n<td width=\"181\">166<\/td>\n<td width=\"87\">TWh<\/td>\n<\/tr>\n<tr>\n<td width=\"269\">Kosten pro kWPeak<\/td>\n<td width=\"181\">\u00a0\u00a0\u00a0\u00a0\u00a0\u00a0\u00a0\u00a0\u00a0\u00a0\u00a0\u00a0\u00a0\u00a0\u00a0\u00a0\u00a0\u00a0\u00a0\u00a0\u00a0\u00a0\u00a0\u00a0\u00a0\u00a0\u00a0\u00a0\u00a0\u00a0\u00a0\u00a0\u00a0\u00a0\u00a0\u00a0\u00a0\u00a0\u00a0\u00a0\u00a0\u00a0 1.200<\/td>\n<td width=\"87\">\u20ac<\/td>\n<\/tr>\n<tr>\n<td width=\"269\">Gesamtkosten<\/td>\n<td width=\"181\">\u00a0\u00a0\u00a0\u00a0\u00a0\u00a0\u00a0\u00a0\u00a0\u00a0\u00a0\u00a0\u00a0\u00a0\u00a0 199.200.000.000<\/td>\n<td width=\"87\">\u20ac<\/td>\n<\/tr>\n<tr>\n<td width=\"269\"><\/td>\n<td width=\"181\"><\/td>\n<td width=\"87\"><\/td>\n<\/tr>\n<tr>\n<td width=\"269\">Einspeiseverg\u00fctung pro kWh<\/td>\n<td width=\"181\">\u00a0\u00a0\u00a0\u00a0\u00a0\u00a0\u00a0\u00a0\u00a0\u00a0\u00a0\u00a0\u00a0\u00a0\u00a0\u00a0\u00a0\u00a0\u00a0\u00a0\u00a0\u00a0\u00a0\u00a0\u00a0\u00a0\u00a0\u00a0\u00a0\u00a0\u00a0\u00a0\u00a0\u00a0\u00a0\u00a0\u00a0\u00a0\u00a0\u00a0\u00a0\u00a0\u00a0\u00a0\u00a0 0,08<\/td>\n<td width=\"87\">\u20ac<\/td>\n<\/tr>\n<tr>\n<td width=\"269\">Ertrag in Euro im Jahr<\/td>\n<td width=\"181\">\u00a0\u00a0\u00a0\u00a0\u00a0\u00a0\u00a0\u00a0\u00a0\u00a0\u00a0\u00a0\u00a0\u00a0\u00a0\u00a0\u00a0\u00a0 13.280.000.000<\/td>\n<td width=\"87\">\u20ac<\/td>\n<\/tr>\n<tr>\n<td width=\"269\">Rendite<\/td>\n<td width=\"181\">6,67%<\/td>\n<td width=\"87\"><\/td>\n<\/tr>\n<tr>\n<td width=\"269\"><\/td>\n<td width=\"181\"><\/td>\n<td width=\"87\"><\/td>\n<\/tr>\n<tr>\n<td width=\"269\">Platzbedarf pro KWPeak<\/td>\n<td width=\"181\">6<\/td>\n<td width=\"87\">qm<\/td>\n<\/tr>\n<tr>\n<td width=\"269\">Platzbedarf<\/td>\n<td width=\"181\">\u00a0\u00a0\u00a0\u00a0\u00a0\u00a0\u00a0\u00a0\u00a0\u00a0\u00a0\u00a0\u00a0\u00a0\u00a0\u00a0\u00a0\u00a0\u00a0\u00a0\u00a0\u00a0\u00a0\u00a0\u00a0\u00a0 996.000.000<\/td>\n<td width=\"87\">qm<\/td>\n<\/tr>\n<tr>\n<td width=\"269\"><\/td>\n<td width=\"181\">\u00a0\u00a0\u00a0\u00a0\u00a0\u00a0\u00a0\u00a0\u00a0\u00a0\u00a0\u00a0\u00a0\u00a0\u00a0\u00a0\u00a0\u00a0\u00a0\u00a0\u00a0\u00a0\u00a0\u00a0\u00a0\u00a0\u00a0\u00a0\u00a0\u00a0\u00a0\u00a0\u00a0\u00a0\u00a0\u00a0\u00a0\u00a0\u00a0 99.600<\/td>\n<td width=\"87\">Hektar<\/td>\n<\/tr>\n<\/tbody>\n<\/table>\nEin \u00e4hnliches Vorgehen w\u00e4re auch auf Gemeinde, Kreis oder Landesebene denkbar.\n\nNach ca. 7 Jahren w\u00fcrde der Kredit getilgt sein und die Eink\u00fcnfte vollst\u00e4ndig f\u00fcr die Rentenfinanzierung zur Verf\u00fcgung stehen.\n\nEin zus\u00e4tzlicher Effekt w\u00e4re, der beschleunigte Ausbau der erneuerbaren Energie.\n\nAuch k\u00f6nnte man dar\u00fcber nachdenken jedem B\u00fcrger seinen Anteil (ca. 2.000 kWh pro Person im Jahr) an der erzeugten Energie g\u00fcnstiger zur Verf\u00fcgung zu stellen.\n\nEine \u00e4hnliche L\u00f6sung wird zur Zeit von vielen Hausbesitzern praktiziert, die eine Photovoltaikanlage auf ihr Dach bauen oder auch die vielen Balkonphotovoltaikanlagen die privat installiert werden.\n\nDas wird gemacht, weil die Leute merken, dass sich das rechnet. So eine gute und sichere Rendite erzielt man auf keiner Bank.\n\nAber nicht alle Leute haben ein eigenes Haus oder das n\u00f6tige Kapital f\u00fcr eine solche Investition.\n\n<!-- \/wp:paragraph -->\n\n<!-- wp:paragraph -->\n\n<!-- \/wp:paragraph -->","protected":false},"excerpt":{"rendered":"<p>J\u00e4hrlich wird das \u00f6ffentliche Rentensystem mit 112 Milliarden Euro bezuschusst. Dieser Zuschuss steigt j\u00e4hrlich. Wenn man jetzt noch bedenkt das die Zahlungen der zuk\u00fcnftigen Pensionen auch noch nicht abgesichert sind, kommt auf die zuk\u00fcnftige Generation ein riesiges Problem zu. Das Problem muss also schnellstens gel\u00f6st werden. Daf\u00fcr w\u00fcrde ich folgende Vorgehensweise vorschlagen. Erstellung eins zukunftssicheren &#8230; <a title=\"Weg zu einem gerechten Rentensystem\" class=\"read-more\" href=\"https:\/\/hhab-technik.de\/?page_id=456\" aria-label=\"Mehr dazu unter Weg zu einem gerechten Rentensystem\">Weiterlesen<\/a><\/p>\n","protected":false},"author":1,"featured_media":0,"parent":0,"menu_order":0,"comment_status":"closed","ping_status":"closed","template":"","meta":{"footnotes":""},"_links":{"self":[{"href":"https:\/\/hhab-technik.de\/index.php?rest_route=\/wp\/v2\/pages\/456"}],"collection":[{"href":"https:\/\/hhab-technik.de\/index.php?rest_route=\/wp\/v2\/pages"}],"about":[{"href":"https:\/\/hhab-technik.de\/index.php?rest_route=\/wp\/v2\/types\/page"}],"author":[{"embeddable":true,"href":"https:\/\/hhab-technik.de\/index.php?rest_route=\/wp\/v2\/users\/1"}],"replies":[{"embeddable":true,"href":"https:\/\/hhab-technik.de\/index.php?rest_route=%2Fwp%2Fv2%2Fcomments&post=456"}],"version-history":[{"count":7,"href":"https:\/\/hhab-technik.de\/index.php?rest_route=\/wp\/v2\/pages\/456\/revisions"}],"predecessor-version":[{"id":1046,"href":"https:\/\/hhab-technik.de\/index.php?rest_route=\/wp\/v2\/pages\/456\/revisions\/1046"}],"wp:attachment":[{"href":"https:\/\/hhab-technik.de\/index.php?rest_route=%2Fwp%2Fv2%2Fmedia&parent=456"}],"curies":[{"name":"wp","href":"https:\/\/api.w.org\/{rel}","templated":true}]}}