{"id":425,"date":"2023-11-11T19:58:30","date_gmt":"2023-11-11T18:58:30","guid":{"rendered":"https:\/\/hhab-technik.de\/?page_id=425"},"modified":"2023-11-26T10:20:29","modified_gmt":"2023-11-26T09:20:29","slug":"automatisches-paketverteilungssystem","status":"publish","type":"page","link":"https:\/\/hhab-technik.de\/?page_id=425","title":{"rendered":"Automatisches Paketverteilungssystem \u00a0"},"content":{"rendered":"\n<p>\u00dcber ein automatisches Paketverteilungssystem k\u00f6nnte man einen gro\u00dfen Teil der zu versendenden Pakete automatisch sortieren und dann gezielt an den Zieladressen ausliefern.<\/p>\n\n\n\n<p>Dis w\u00fcrde haupts\u00e4chlich durch das Transportmittel Bahn geschehen.<\/p>\n\n\n\n<p>Der wesentliche L\u00f6sungsansatz beruht darauf das man die Sortierung der Paketlieferung w\u00e4hrend des Transportes vornimmt.<\/p>\n\n\n\n<p>Um das Ganze zu standardisieren, m\u00fcsste man die Paketgr\u00f6\u00dfen festlegen und zwar skaliert. das hei\u00dft die kleinste Paketgr\u00f6\u00dfe gibt das Raster vor. Die n\u00e4chste gr\u00f6\u00dfere Paketgr\u00f6\u00dfe ist zweimal so gro\u00df, die n\u00e4chste viermal so gro\u00df usw.<\/p>\n\n\n\n<p>Die Paketverpackung ist wiederverwendbar und l\u00e4sst sich falten, so dass sie sich in der n\u00e4chst gr\u00f6\u00dferen Verpackung unterbringen l\u00e4sst. Die Verpackung muss so stabil sein, dass sie mindestens 10 Transporte \u00fcbersteht. <\/p>\n\n\n\n<p>In jeder Verpackung wird ein RFID-Chip integriert. Dieser RFID-Chip kann von dem Versender selbst beschrieben werden oder bei der Abgabestelle vom Versender selbst beschrieben werden.<\/p>\n\n\n\n<p>Als Abgabestellen k\u00f6nnen beliebige Orte definiert werden. Von diesen Abgabestellen werden dann die Pakete abgeholt und zu dem n\u00e4chsten Bahnhof bef\u00f6rdert.<\/p>\n\n\n\n<p>Beschreibung des Verteilungssystems Bahnhof:<\/p>\n\n\n\n<ol>\n<li>Anliefer- und Auslieferstation:\n<ul>\n<li>Paketabgabestation, an der schon programmierte Pakete abgegeben werden k\u00f6nnen und noch nicht programmierte Pakete programmiert werden k\u00f6nnen. Hier k\u00f6nnen auch leere Verpackungen abgegeben bzw. abgeholt werden. Dabei wird eine Geb\u00fchr f\u00e4llig bzw. gutgeschrieben.<\/li>\n\n\n\n<li>Kontrollstelle f\u00fcr die abgegebenen Verpackungungen.<\/li>\n<\/ul>\n<\/li>\n\n\n\n<li>Ausgangssortieranlage, in der die programmierten Pakete nach der passenden Zielzugverbindung sortiert werden und in einer Sammelbox zusammengefasst werden.<\/li>\n\n\n\n<li>Eingangssortieranlage, in der die Pakete die aus dem Zug entladen worden f\u00fcr die Auslieferfahrzeuge sortiert werden.<\/li>\n\n\n\n<li>Ein Sortierband, das von der  Anliefer- und Auslieferstation  zu den Bahnsteigen f\u00fchrt. An jedem Bahnsteig kann die vorbeigef\u00fchrt Sammelbox vom Band geschoben werden und zum Bahnsteig weitergeleitet werden. Auf dem Bahnsteig werden jetzt diese Boxen f\u00fcr die verschiedenen Zugverbindungen gesammelt und in Zugbeladungsvorrichtungen gelagert. <br>F\u00fcr das Sortierband muss ein Tunnel gebaut werden, der zu den einzelnen Bagnsteigen f\u00fchrt. An jeden Bahnsteig mu\u00df ein Aufzugsystem integriert werden. Diese Vorrichtungen werden f\u00fcr abgehende bzw. ankommende Pakete benutzt.<\/li>\n<\/ol>\n\n\n\n<p><\/p>\n","protected":false},"excerpt":{"rendered":"<p>\u00dcber ein automatisches Paketverteilungssystem k\u00f6nnte man einen gro\u00dfen Teil der zu versendenden Pakete automatisch sortieren und dann gezielt an den Zieladressen ausliefern. Dis w\u00fcrde haupts\u00e4chlich durch das Transportmittel Bahn geschehen. Der wesentliche L\u00f6sungsansatz beruht darauf das man die Sortierung der Paketlieferung w\u00e4hrend des Transportes vornimmt. Um das Ganze zu standardisieren, m\u00fcsste man die Paketgr\u00f6\u00dfen festlegen &#8230; <a title=\"Automatisches Paketverteilungssystem \u00a0\" class=\"read-more\" href=\"https:\/\/hhab-technik.de\/?page_id=425\" aria-label=\"Mehr dazu unter Automatisches Paketverteilungssystem \u00a0\">Weiterlesen<\/a><\/p>\n","protected":false},"author":1,"featured_media":0,"parent":0,"menu_order":0,"comment_status":"closed","ping_status":"closed","template":"","meta":{"footnotes":""},"_links":{"self":[{"href":"https:\/\/hhab-technik.de\/index.php?rest_route=\/wp\/v2\/pages\/425"}],"collection":[{"href":"https:\/\/hhab-technik.de\/index.php?rest_route=\/wp\/v2\/pages"}],"about":[{"href":"https:\/\/hhab-technik.de\/index.php?rest_route=\/wp\/v2\/types\/page"}],"author":[{"embeddable":true,"href":"https:\/\/hhab-technik.de\/index.php?rest_route=\/wp\/v2\/users\/1"}],"replies":[{"embeddable":true,"href":"https:\/\/hhab-technik.de\/index.php?rest_route=%2Fwp%2Fv2%2Fcomments&post=425"}],"version-history":[{"count":12,"href":"https:\/\/hhab-technik.de\/index.php?rest_route=\/wp\/v2\/pages\/425\/revisions"}],"predecessor-version":[{"id":518,"href":"https:\/\/hhab-technik.de\/index.php?rest_route=\/wp\/v2\/pages\/425\/revisions\/518"}],"wp:attachment":[{"href":"https:\/\/hhab-technik.de\/index.php?rest_route=%2Fwp%2Fv2%2Fmedia&parent=425"}],"curies":[{"name":"wp","href":"https:\/\/api.w.org\/{rel}","templated":true}]}}