{"id":240,"date":"2023-10-24T20:42:15","date_gmt":"2023-10-24T18:42:15","guid":{"rendered":"https:\/\/hhab-technik.de\/?page_id=240"},"modified":"2023-10-24T21:07:37","modified_gmt":"2023-10-24T19:07:37","slug":"dlr-freikolbenmotor","status":"publish","type":"page","link":"https:\/\/hhab-technik.de\/?page_id=240","title":{"rendered":"DLR-Freikolbenmotor"},"content":{"rendered":"\n<p><strong>Der DLR-Freikolbenmotor<\/strong><\/p>\n\n\n\n<figure class=\"wp-block-embed is-type-video is-provider-youtube wp-block-embed-youtube wp-embed-aspect-16-9 wp-has-aspect-ratio\"><div class=\"wp-block-embed__wrapper\">\n<iframe loading=\"lazy\" title=\"Der DLR-Freikolbenlineargenerator\" width=\"1200\" height=\"675\" src=\"https:\/\/www.youtube.com\/embed\/7HmxNazMJVI?feature=oembed\" frameborder=\"0\" allow=\"accelerometer; autoplay; clipboard-write; encrypted-media; gyroscope; picture-in-picture; web-share\" allowfullscreen><\/iframe>\n<\/div><\/figure>\n\n\n\n<p>Nach meiner Meinung nicht geeignet f\u00fcr den Dauerbetrieb, weil der Kolben \u00fcber die Auslasskan\u00e4le gef\u00fchrt wird und so die Auslassventile verharzen und die Kolbenschmierung unterbrochen wird.<\/p>\n","protected":false},"excerpt":{"rendered":"<p>Der DLR-Freikolbenmotor Nach meiner Meinung nicht geeignet f\u00fcr den Dauerbetrieb, weil der Kolben \u00fcber die Auslasskan\u00e4le gef\u00fchrt wird und so die Auslassventile verharzen und die Kolbenschmierung unterbrochen wird.<\/p>\n","protected":false},"author":1,"featured_media":0,"parent":0,"menu_order":0,"comment_status":"closed","ping_status":"closed","template":"","meta":{"footnotes":""},"_links":{"self":[{"href":"https:\/\/hhab-technik.de\/index.php?rest_route=\/wp\/v2\/pages\/240"}],"collection":[{"href":"https:\/\/hhab-technik.de\/index.php?rest_route=\/wp\/v2\/pages"}],"about":[{"href":"https:\/\/hhab-technik.de\/index.php?rest_route=\/wp\/v2\/types\/page"}],"author":[{"embeddable":true,"href":"https:\/\/hhab-technik.de\/index.php?rest_route=\/wp\/v2\/users\/1"}],"replies":[{"embeddable":true,"href":"https:\/\/hhab-technik.de\/index.php?rest_route=%2Fwp%2Fv2%2Fcomments&post=240"}],"version-history":[{"count":2,"href":"https:\/\/hhab-technik.de\/index.php?rest_route=\/wp\/v2\/pages\/240\/revisions"}],"predecessor-version":[{"id":264,"href":"https:\/\/hhab-technik.de\/index.php?rest_route=\/wp\/v2\/pages\/240\/revisions\/264"}],"wp:attachment":[{"href":"https:\/\/hhab-technik.de\/index.php?rest_route=%2Fwp%2Fv2%2Fmedia&parent=240"}],"curies":[{"name":"wp","href":"https:\/\/api.w.org\/{rel}","templated":true}]}}