{"id":238,"date":"2023-10-24T20:41:39","date_gmt":"2023-10-24T18:41:39","guid":{"rendered":"https:\/\/hhab-technik.de\/?page_id=238"},"modified":"2023-10-24T21:06:37","modified_gmt":"2023-10-24T19:06:37","slug":"stelzermotor","status":"publish","type":"page","link":"https:\/\/hhab-technik.de\/?page_id=238","title":{"rendered":"Stelzermotor"},"content":{"rendered":"\n<p><strong>Der Stelzer-Motor<\/strong><\/p>\n\n\n\n<figure class=\"wp-block-embed\"><div class=\"wp-block-embed__wrapper\">\nhttps:\/\/de.wikipedia.org\/wiki\/Stelzer-Motor\n<\/div><\/figure>\n\n\n\n<p>Nach meiner Meinung nicht geeignet f\u00fcr den Dauerbetrieb, weil der Kolben \u00fcber die Auslasskan\u00e4le gef\u00fchrt wird und so die Auslassventile verharzen und die Kolbenschmierung unterbrochen wird.<\/p>\n","protected":false},"excerpt":{"rendered":"<p>Der Stelzer-Motor Nach meiner Meinung nicht geeignet f\u00fcr den Dauerbetrieb, weil der Kolben \u00fcber die Auslasskan\u00e4le gef\u00fchrt wird und so die Auslassventile verharzen und die Kolbenschmierung unterbrochen wird.<\/p>\n","protected":false},"author":1,"featured_media":0,"parent":0,"menu_order":0,"comment_status":"closed","ping_status":"closed","template":"","meta":{"footnotes":""},"_links":{"self":[{"href":"https:\/\/hhab-technik.de\/index.php?rest_route=\/wp\/v2\/pages\/238"}],"collection":[{"href":"https:\/\/hhab-technik.de\/index.php?rest_route=\/wp\/v2\/pages"}],"about":[{"href":"https:\/\/hhab-technik.de\/index.php?rest_route=\/wp\/v2\/types\/page"}],"author":[{"embeddable":true,"href":"https:\/\/hhab-technik.de\/index.php?rest_route=\/wp\/v2\/users\/1"}],"replies":[{"embeddable":true,"href":"https:\/\/hhab-technik.de\/index.php?rest_route=%2Fwp%2Fv2%2Fcomments&post=238"}],"version-history":[{"count":2,"href":"https:\/\/hhab-technik.de\/index.php?rest_route=\/wp\/v2\/pages\/238\/revisions"}],"predecessor-version":[{"id":263,"href":"https:\/\/hhab-technik.de\/index.php?rest_route=\/wp\/v2\/pages\/238\/revisions\/263"}],"wp:attachment":[{"href":"https:\/\/hhab-technik.de\/index.php?rest_route=%2Fwp%2Fv2%2Fmedia&parent=238"}],"curies":[{"name":"wp","href":"https:\/\/api.w.org\/{rel}","templated":true}]}}