{"id":234,"date":"2023-10-24T20:40:54","date_gmt":"2023-10-24T18:40:54","guid":{"rendered":"https:\/\/hhab-technik.de\/?page_id=234"},"modified":"2023-10-24T21:05:36","modified_gmt":"2023-10-24T19:05:36","slug":"zweitaktmotor","status":"publish","type":"page","link":"https:\/\/hhab-technik.de\/?page_id=234","title":{"rendered":"Zweitaktmotor"},"content":{"rendered":"\n<p><strong>Der Zweitaktmotor<\/strong><\/p>\n\n\n\n<p><a href=\"http:\/\/youtu.be\/ooJYsOz1z7Y\">http:\/\/youtu.be\/ooJYsOz1z7Y<\/a><\/p>\n\n\n\n<p>Doppelte Hubraumleistung gegen\u00fcber Viertaktmotoren, weniger bewegliche Bauteile, sehr leicht, kompakte Bauform, sehr kosteng\u00fcnstig und wartungsarm.<\/p>\n\n\n\n<p>Dar wesentliche Nachteil sind die ung\u00fcnstigen Abgaswerte<\/p>\n","protected":false},"excerpt":{"rendered":"<p>Der Zweitaktmotor http:\/\/youtu.be\/ooJYsOz1z7Y Doppelte Hubraumleistung gegen\u00fcber Viertaktmotoren, weniger bewegliche Bauteile, sehr leicht, kompakte Bauform, sehr kosteng\u00fcnstig und wartungsarm. Dar wesentliche Nachteil sind die ung\u00fcnstigen Abgaswerte<\/p>\n","protected":false},"author":1,"featured_media":0,"parent":0,"menu_order":0,"comment_status":"closed","ping_status":"closed","template":"","meta":{"footnotes":""},"_links":{"self":[{"href":"https:\/\/hhab-technik.de\/index.php?rest_route=\/wp\/v2\/pages\/234"}],"collection":[{"href":"https:\/\/hhab-technik.de\/index.php?rest_route=\/wp\/v2\/pages"}],"about":[{"href":"https:\/\/hhab-technik.de\/index.php?rest_route=\/wp\/v2\/types\/page"}],"author":[{"embeddable":true,"href":"https:\/\/hhab-technik.de\/index.php?rest_route=\/wp\/v2\/users\/1"}],"replies":[{"embeddable":true,"href":"https:\/\/hhab-technik.de\/index.php?rest_route=%2Fwp%2Fv2%2Fcomments&post=234"}],"version-history":[{"count":2,"href":"https:\/\/hhab-technik.de\/index.php?rest_route=\/wp\/v2\/pages\/234\/revisions"}],"predecessor-version":[{"id":262,"href":"https:\/\/hhab-technik.de\/index.php?rest_route=\/wp\/v2\/pages\/234\/revisions\/262"}],"wp:attachment":[{"href":"https:\/\/hhab-technik.de\/index.php?rest_route=%2Fwp%2Fv2%2Fmedia&parent=234"}],"curies":[{"name":"wp","href":"https:\/\/api.w.org\/{rel}","templated":true}]}}