{"id":228,"date":"2023-10-24T20:35:11","date_gmt":"2023-10-24T18:35:11","guid":{"rendered":"https:\/\/hhab-technik.de\/?page_id=228"},"modified":"2023-10-24T20:58:37","modified_gmt":"2023-10-24T18:58:37","slug":"ottomotor","status":"publish","type":"page","link":"https:\/\/hhab-technik.de\/?page_id=228","title":{"rendered":"Ottomotor"},"content":{"rendered":"\n<p><strong>Der Ottomotor als Viertakt-Motor<\/strong><\/p>\n\n\n\n<figure class=\"wp-block-embed is-type-video is-provider-youtube wp-block-embed-youtube wp-embed-aspect-16-9 wp-has-aspect-ratio\"><div class=\"wp-block-embed__wrapper\">\n<iframe loading=\"lazy\" title=\"4 Zylinder 8V Motor Animation\" width=\"1200\" height=\"675\" src=\"https:\/\/www.youtube.com\/embed\/rYdszK0onrY?feature=oembed\" frameborder=\"0\" allow=\"accelerometer; autoplay; clipboard-write; encrypted-media; gyroscope; picture-in-picture; web-share\" allowfullscreen><\/iframe>\n<\/div><\/figure>\n\n\n\n<p>Leichter, geringeres Leistungsgewicht (kg\/kW) h\u00f6here Drehzahlen sind m\u00f6glich und billiger in der Herstellung<\/p>\n\n\n\n<p>Als Nachteil muss man die h\u00f6here CO2 Belastung auff\u00fchren und den h\u00f6heren Verbrauch<\/p>\n","protected":false},"excerpt":{"rendered":"<p>Der Ottomotor als Viertakt-Motor Leichter, geringeres Leistungsgewicht (kg\/kW) h\u00f6here Drehzahlen sind m\u00f6glich und billiger in der Herstellung Als Nachteil muss man die h\u00f6here CO2 Belastung auff\u00fchren und den h\u00f6heren Verbrauch<\/p>\n","protected":false},"author":1,"featured_media":0,"parent":0,"menu_order":0,"comment_status":"closed","ping_status":"closed","template":"","meta":{"footnotes":""},"_links":{"self":[{"href":"https:\/\/hhab-technik.de\/index.php?rest_route=\/wp\/v2\/pages\/228"}],"collection":[{"href":"https:\/\/hhab-technik.de\/index.php?rest_route=\/wp\/v2\/pages"}],"about":[{"href":"https:\/\/hhab-technik.de\/index.php?rest_route=\/wp\/v2\/types\/page"}],"author":[{"embeddable":true,"href":"https:\/\/hhab-technik.de\/index.php?rest_route=\/wp\/v2\/users\/1"}],"replies":[{"embeddable":true,"href":"https:\/\/hhab-technik.de\/index.php?rest_route=%2Fwp%2Fv2%2Fcomments&post=228"}],"version-history":[{"count":2,"href":"https:\/\/hhab-technik.de\/index.php?rest_route=\/wp\/v2\/pages\/228\/revisions"}],"predecessor-version":[{"id":255,"href":"https:\/\/hhab-technik.de\/index.php?rest_route=\/wp\/v2\/pages\/228\/revisions\/255"}],"wp:attachment":[{"href":"https:\/\/hhab-technik.de\/index.php?rest_route=%2Fwp%2Fv2%2Fmedia&parent=228"}],"curies":[{"name":"wp","href":"https:\/\/api.w.org\/{rel}","templated":true}]}}