{"id":221,"date":"2023-10-22T13:12:54","date_gmt":"2023-10-22T11:12:54","guid":{"rendered":"https:\/\/hhab-technik.de\/?page_id=221"},"modified":"2024-12-22T13:52:13","modified_gmt":"2024-12-22T12:52:13","slug":"energiespeicher","status":"publish","type":"page","link":"https:\/\/hhab-technik.de\/?page_id=221","title":{"rendered":"Energiespeicher"},"content":{"rendered":"\n<p>Grunds\u00e4tzliches:<\/p>\n\n\n\n<p>Die Energie, die ich jetzt erzeuge, muss auch jetzt verbraucht werden und die Energie die ich jetzt verbrauchen m\u00f6chte muss genau jetzt erzeugt werden.<br>Das hei\u00dft, wenn sie ihren Wasserkocher zu Hause einschalten, der 2 KW Leistung ben\u00f6tigt, muss ein Kraftwerk im gleichen Moment 2 KW mehr Leistung erzeugen.<\/p>\n\n\n\n<p>Umgekehrt muss die Leistung die ein Windrad erzeugt auch direkt verbraucht werden. Wenn das nicht m\u00f6glich ist, muss das Windrad abgeschaltet werden, die Energie geht also verloren.<\/p>\n\n\n\n<p>Deshalb ist es sehr wichtig gro\u00dfe Mengen von Energie zu speichern.<\/p>\n\n\n\n<p>Man muss unterscheiden zwischen Leistungangaben und Arbeitsangaben.<\/p>\n\n\n\n<p>Alle Ma\u00dfeinheiten mit einer Zeitangabe wie:  kWh, MWh , GWh oder TWh sind Ma\u00dfeinheiten von Arbeit. <\/p>\n\n\n\n<p>Die Angabe 2 kWh gibt die Arbeitsleistung an mit der man eine Stunde einen Wasserkocher mit einer Leistung von 2 kW betreiben kann.<br>Ungekehrt kann man mit einer Leistung von 4 kW in 5 Stunden einen Akku mit 20kWh aufladen.<\/p>\n\n\n\n<p><\/p>\n\n\n\n<p>Zuordnung von Ma\u00dfangaben bezogen auf  Ein Watt:<\/p>\n\n\n\n<figure class=\"wp-block-table\"><table><tbody><tr><td>1.000<\/td><td>Kilo<\/td><\/tr><tr><td>1.000.000<\/td><td>MEGA<\/td><\/tr><tr><td>1.000.000.000<\/td><td>GIGA<\/td><\/tr><tr><td>1.000.000.000.000<\/td><td>TERRA<\/td><\/tr><\/tbody><\/table><figcaption class=\"wp-element-caption\">Energieverbrauch in Deutschland:<\/figcaption><\/figure>\n\n\n\n<figure class=\"wp-block-table\"><table><tbody><tr><td>Energieverbrauch Gesamt<\/td><td>2.333<\/td><td>TWh<\/td><\/tr><tr><td><\/td><td><\/td><td>&nbsp;<\/td><\/tr><tr><td>Verkehr<\/td><td>635<\/td><td>TWh<\/td><\/tr><tr><td>Industrie<\/td><td>665<\/td><td>TWh<\/td><\/tr><tr><td>Haushalte<\/td><td>667<\/td><td>TWh<\/td><\/tr><tr><td>Gewerbe Handel Dienstleistung<\/td><td>365<\/td><td>TWh<\/td><\/tr><\/tbody><\/table><\/figure>\n\n\n\n<p>Aufgeteilt in die einzelnen Energieformen in TWh:<\/p>\n\n\n\n<figure class=\"wp-block-table\"><table><tbody><tr><td>&nbsp;<\/td><td>&nbsp;<\/td><td>Kohle<\/td><td>\u00d6l<\/td><td>Gase<\/td><td>Strom<\/td><td>Fernw\u00e4rme<\/td><td>Ern. Fernw\u00e4rme<\/td><td>Bio<\/td><\/tr><tr><td>Gesamt<\/td><td>2333<\/td><td>92<\/td><td>836<\/td><td>599<\/td><td>482<\/td><td>98<\/td><td>128<\/td><td>39<\/td><\/tr><tr><td>Haushalte<\/td><td>667<\/td><td>4<\/td><td>141<\/td><td>249<\/td><td>128<\/td><td>51<\/td><td>95<\/td><td>&nbsp;<\/td><\/tr><tr><td>Industrie<\/td><td>665<\/td><td>88<\/td><td>28<\/td><td>246<\/td><td>207<\/td><td>45<\/td><td>31<\/td><td>&nbsp;<\/td><\/tr><tr><td>Verkehr<\/td><td>636<\/td><td>&nbsp;<\/td><td>583<\/td><td>2<\/td><td>12<\/td><td>&nbsp;<\/td><td>&nbsp;<\/td><td>39<\/td><\/tr><tr><td>Gewerbe<\/td><td>365<\/td><td>&nbsp;<\/td><td>84<\/td><td>102<\/td><td>135<\/td><td>2<\/td><td>36<\/td><td>&nbsp;<\/td><\/tr><\/tbody><\/table><figcaption class=\"wp-element-caption\">Erneuerbare Energie Angabe in TWh:<\/figcaption><\/figure>\n\n\n\n<figure class=\"wp-block-table\"><table><tbody><tr><td>Windkraft<\/td><td>132<\/td><\/tr><tr><td>Photovoltaik<\/td><td>51<\/td><\/tr><tr><td>Biomasse<\/td><td>45<\/td><\/tr><tr><td>Wasserkraft<\/td><td>18<\/td><\/tr><tr><td><\/td><td><\/td><\/tr><tr><td>Gesamt Erneuerbare Energie<\/td><td>246<\/td><\/tr><\/tbody><\/table><figcaption class=\"wp-element-caption\">Es werden also zurzeit nur ca. 10% der ben\u00f6tigten Energie aus erneuerbaren Energien erzeugt. Dieser Anteil muss wesentlich vergr\u00f6\u00dfert werden.<br>1.&nbsp;&nbsp;&nbsp;&nbsp; In den vorhandenen Erdgasspeichern kann kein Wasserstoff gespeichert werden.<br>Begr\u00fcndung: Will man den Wasserstoff f\u00fcr Brennstoffzellen nutzen, muss dieser absolut rein sein. Schon bei geringsten Verunreinigungen ist der Wasserstoff nicht f\u00fcr Brennstoffzellen geeignet. Es m\u00fcssen also separate Wasserstoffspeicher angelegt werden.<br>2.&nbsp;&nbsp;&nbsp;&nbsp; Die chemische Industrie ben\u00f6tigt, speziell f\u00fcr die Kunststoffherstellung, Gase mit einem CO2 Bestandteil.<br>&nbsp;<br>a.&nbsp;&nbsp;&nbsp;&nbsp; Grundlage einer m\u00f6glichst weitgehenden Umstellung auf erneuerbaren Energie:<br>Die Energieversorgung muss durch einen m\u00f6glichst gro\u00dfen Energiespeicher erg\u00e4nzt werden.<br>Weshalb,&nbsp; l\u00e4sst sich durch eine Extremwertbildung der Energieversorgungsquellen darstellen:<br><br><br>Vorgaben ohne Energiespeicher:<br>&nbsp;&#8211; Es muss, zu jedem Zeitpunkt, der 100% &nbsp;Energiebedarf zur Verf\u00fcgung gestellt &nbsp;&nbsp;<br>&nbsp;&nbsp;&nbsp; werden, es muss also mehr Energie hergestellt werden, um Schwankungen auszugleichen,<br>&nbsp;&nbsp;&nbsp; denn wenn die Firma A mehr Energie ben\u00f6tigt, kann er nicht die Firma B fragen ob er das darf.<br>&nbsp; &#8211; &nbsp;Windenergie und Sonnenenergie k\u00f6nnen bis zu 100% Energiemenge liefern<br>&nbsp; &#8211; Windenergie wird zwischen 0% und 100% erzeugt.<br>&nbsp;&nbsp; &#8211; Sonnenenergie wird zwischen 0% und 100% erzeugt.<br>&nbsp;&nbsp; &nbsp;&#8211;&nbsp; Ein Energiespeicher ist nicht vorhanden<br>Ergebnis:<br>&nbsp;&nbsp; Zur Sicherstellung der Energieversorgung muss jetzt&nbsp; sichergestellt werden, das bis<br>&nbsp;&nbsp; zu 100% des Energiebedarfs aus anderen, nicht erneuerbaren Energiequellen bereit<br>&nbsp;&nbsp;&nbsp; gestellt wird.<br><br>Vorgaben mit Energiespeicher:<br>&nbsp;&#8211; Es muss, zu jedem Zeitpunkt, der 100%&nbsp; Energiebedarf zur Verf\u00fcgung gestellt&nbsp;&nbsp;<br>&nbsp;&nbsp;&nbsp; werden.<br>&nbsp; &#8211;&nbsp; Windenergie und Sonnenenergie k\u00f6nnen bis zu 100% Energiemenge liefern<br>&nbsp; &#8211; Windenergie wird zwischen 0% und 100% erzeugt.<br>&nbsp;&nbsp; &#8211; Sonnenenergie wird zwischen 0% und 100% erzeugt.<br>&nbsp;&nbsp;&nbsp; &#8211;&nbsp; Ein Energiespeicher ist vorhanden und min. mit der Energiemenge von 3<br>&nbsp;&nbsp;&nbsp;&nbsp;&nbsp;&nbsp; Tagesbedarfsmengen gef\u00fcllt<br>Ergebnis:<br>&nbsp;&nbsp;&nbsp; Jetzt wird der Energiebedarf fast immer aus den erneuerbaren Energie-<br>&nbsp;&nbsp;&nbsp; quellen abgedeckt.<br><br><br>3.&nbsp;&nbsp;&nbsp;&nbsp; Ermittlung der Energiespeichergr\u00f6\u00dfe<br>Nachts: &nbsp;Max. Energiebedarf \u2013 Windenergie = Energiespeichergr\u00f6\u00dfe<br>Tags:&nbsp;&nbsp;&nbsp; &nbsp; Max. Energiebedarf \u2013 Sonnenenergie \u2013 Windenergie = Energiespeichergr\u00f6\u00dfe<br>Die Gr\u00f6\u00dfe des Energiespeichers muss so gro\u00df ausgelegt sein, dass er mehrere energiearme Tage ausgleichen kann.<br>Wenn mehr erneuerbare Energie erzeugt wird, als momentan gebraucht wird, werden die Energiequellen der erneuerbaren Energien nicht abgeschaltet, sondern die Energie in den Energiespeicher zwischengespeichert.<br>4.&nbsp;&nbsp;&nbsp;&nbsp; Speichermedium<br>Als Speichermedium dient Methangas. Das Methangas l\u00e4sst sich problemlos in den vorhandenen unterirdischen Gasspeichern speichern, in Gegensatz zu Wasserstoff.<\/figcaption><\/figure>\n\n\n\n<p><\/p>\n\n\n\n\n\n<p><\/p>\n\n\n\n<p><\/p>\n\n\n\n<p><\/p>\n\n\n\n<p><\/p>\n","protected":false},"excerpt":{"rendered":"<p>Grunds\u00e4tzliches: Die Energie, die ich jetzt erzeuge, muss auch jetzt verbraucht werden und die Energie die ich jetzt verbrauchen m\u00f6chte muss genau jetzt erzeugt werden.Das hei\u00dft, wenn sie ihren Wasserkocher zu Hause einschalten, der 2 KW Leistung ben\u00f6tigt, muss ein Kraftwerk im gleichen Moment 2 KW mehr Leistung erzeugen. Umgekehrt muss die Leistung die ein &#8230; <a title=\"Energiespeicher\" class=\"read-more\" href=\"https:\/\/hhab-technik.de\/?page_id=221\" aria-label=\"Mehr dazu unter Energiespeicher\">Weiterlesen<\/a><\/p>\n","protected":false},"author":1,"featured_media":0,"parent":0,"menu_order":0,"comment_status":"closed","ping_status":"closed","template":"","meta":{"footnotes":""},"_links":{"self":[{"href":"https:\/\/hhab-technik.de\/index.php?rest_route=\/wp\/v2\/pages\/221"}],"collection":[{"href":"https:\/\/hhab-technik.de\/index.php?rest_route=\/wp\/v2\/pages"}],"about":[{"href":"https:\/\/hhab-technik.de\/index.php?rest_route=\/wp\/v2\/types\/page"}],"author":[{"embeddable":true,"href":"https:\/\/hhab-technik.de\/index.php?rest_route=\/wp\/v2\/users\/1"}],"replies":[{"embeddable":true,"href":"https:\/\/hhab-technik.de\/index.php?rest_route=%2Fwp%2Fv2%2Fcomments&post=221"}],"version-history":[{"count":11,"href":"https:\/\/hhab-technik.de\/index.php?rest_route=\/wp\/v2\/pages\/221\/revisions"}],"predecessor-version":[{"id":612,"href":"https:\/\/hhab-technik.de\/index.php?rest_route=\/wp\/v2\/pages\/221\/revisions\/612"}],"wp:attachment":[{"href":"https:\/\/hhab-technik.de\/index.php?rest_route=%2Fwp%2Fv2%2Fmedia&parent=221"}],"curies":[{"name":"wp","href":"https:\/\/api.w.org\/{rel}","templated":true}]}}