{"id":125,"date":"2023-10-11T18:48:45","date_gmt":"2023-10-11T16:48:45","guid":{"rendered":"https:\/\/hhab-technik.de\/?page_id=125"},"modified":"2026-01-02T16:54:11","modified_gmt":"2026-01-02T15:54:11","slug":"patent","status":"publish","type":"page","link":"https:\/\/hhab-technik.de\/?page_id=125","title":{"rendered":"Patent"},"content":{"rendered":"\n<p><strong>F\u00fcr den Wasserstoffverbrennungsmotor HHAB-Motor wurde mir das Patent<\/strong> <strong>10 2017 102 071 erteilt.<\/strong><\/p>\n\n\n\n<p><strong>Ich habe mein Patent nicht mehr verl\u00e4ngert, es kann also ab jetzt von jedem benutzt werden. <\/strong><\/p>\n\n\n\n<p>Ich w\u00fcrde mich freuen, wenn ich dar\u00fcber informiert werde. <\/p>\n\n\n\n<p>Wenn Fragen zu meiner Motoridee vorliedgen, bitte melden. <\/p>\n\n\n\n<p><\/p>\n\n\n\n<p><\/p>\n\n\n\n<p><\/p>\n\n\n\n<p><a href=\"http:\/\/www.hhab-motor.de\">www.hhab-motor.de<\/a><\/p>\n\n\n\n<p><strong>Er ist f\u00fcr den Betrieb mit Wasserstoff ausgelegt<\/strong><\/p>\n","protected":false},"excerpt":{"rendered":"<p>F\u00fcr den Wasserstoffverbrennungsmotor HHAB-Motor wurde mir das Patent 10 2017 102 071 erteilt. Ich habe mein Patent nicht mehr verl\u00e4ngert, es kann also ab jetzt von jedem benutzt werden. Ich w\u00fcrde mich freuen, wenn ich dar\u00fcber informiert werde. Wenn Fragen zu meiner Motoridee vorliedgen, bitte melden. www.hhab-motor.de Er ist f\u00fcr den Betrieb mit Wasserstoff ausgelegt<\/p>\n","protected":false},"author":1,"featured_media":0,"parent":0,"menu_order":0,"comment_status":"closed","ping_status":"closed","template":"","meta":{"footnotes":""},"_links":{"self":[{"href":"https:\/\/hhab-technik.de\/index.php?rest_route=\/wp\/v2\/pages\/125"}],"collection":[{"href":"https:\/\/hhab-technik.de\/index.php?rest_route=\/wp\/v2\/pages"}],"about":[{"href":"https:\/\/hhab-technik.de\/index.php?rest_route=\/wp\/v2\/types\/page"}],"author":[{"embeddable":true,"href":"https:\/\/hhab-technik.de\/index.php?rest_route=\/wp\/v2\/users\/1"}],"replies":[{"embeddable":true,"href":"https:\/\/hhab-technik.de\/index.php?rest_route=%2Fwp%2Fv2%2Fcomments&post=125"}],"version-history":[{"count":6,"href":"https:\/\/hhab-technik.de\/index.php?rest_route=\/wp\/v2\/pages\/125\/revisions"}],"predecessor-version":[{"id":1085,"href":"https:\/\/hhab-technik.de\/index.php?rest_route=\/wp\/v2\/pages\/125\/revisions\/1085"}],"wp:attachment":[{"href":"https:\/\/hhab-technik.de\/index.php?rest_route=%2Fwp%2Fv2%2Fmedia&parent=125"}],"curies":[{"name":"wp","href":"https:\/\/api.w.org\/{rel}","templated":true}]}}