{"id":1049,"date":"2025-08-19T10:45:19","date_gmt":"2025-08-19T08:45:19","guid":{"rendered":"https:\/\/hhab-technik.de\/?page_id=1049"},"modified":"2025-08-19T11:56:50","modified_gmt":"2025-08-19T09:56:50","slug":"energieverbrauch-deutschland-2023","status":"publish","type":"page","link":"https:\/\/hhab-technik.de\/?page_id=1049","title":{"rendered":"Energieverbrauch Deutschland 2023"},"content":{"rendered":"\n<figure class=\"wp-block-table\"><table><tbody><tr><td>&nbsp;<\/td><td colspan=\"3\">Energieverbrauch Deutschland<\/td><td>&nbsp;<\/td><td>&nbsp;<\/td><\/tr><tr><td>Energiequelle<\/td><td>Industrie [TWh]<\/td><td>Haushalte [TWh]<\/td><td>Gewernbe, Handel Dienstleistung [TWh]<\/td><td>Verkehr[TWh]<\/td><td>Gesamt<\/td><\/tr><tr><td>&nbsp;<\/td><td>22<\/td><td>&nbsp;<\/td><td>&nbsp;<\/td><td>&nbsp;<\/td><td>22<\/td><\/tr><tr><td>Stein-Braunkohle<\/td><td>94<\/td><td>&nbsp;<\/td><td>&nbsp;<\/td><td>&nbsp;<\/td><td>94<\/td><\/tr><tr><td>Strom<\/td><td>188<\/td><td>130<\/td><td>&nbsp;<\/td><td>18<\/td><td>336<\/td><\/tr><tr><td>Sonstige Energietr\u00e4ger<\/td><td>&nbsp;<\/td><td>&nbsp;<\/td><td>&nbsp;<\/td><td>&nbsp;<\/td><td>0<\/td><\/tr><tr><td>Mineral\u00f6lprodukte<\/td><td>30<\/td><td>115<\/td><td>50<\/td><td>&nbsp;<\/td><td>195<\/td><\/tr><tr><td>Fernw\u00e4rme<\/td><td>42<\/td><td>54<\/td><td>121<\/td><td>644<\/td><td>861<\/td><\/tr><tr><td>Gas<\/td><td>217<\/td><td>229<\/td><td>99<\/td><td>&nbsp;<\/td><td>545<\/td><\/tr><tr><td>Erneuerbare W\u00e4rme, K\u00e4lte Kraftstoofe<\/td><td>31<\/td><td>101<\/td><td>39<\/td><td>36<\/td><td>207<\/td><\/tr><tr><td>&nbsp;<\/td><td>&nbsp;<\/td><td>&nbsp;<\/td><td>&nbsp;<\/td><td>&nbsp;<\/td><td>&nbsp;<\/td><\/tr><tr><td>&nbsp;<\/td><td>624<\/td><td>629<\/td><td>309<\/td><td>698<\/td><td>2260<\/td><\/tr><\/tbody><\/table><\/figure>\n\n\n\n<p><strong><mark>In Deutschland hat der Anteil erneuerbarer Energien an der Stromerzeugung im Jahr 2024 einen neuen H\u00f6chststand erreicht und lag bei 62,7 %<\/mark>.<\/strong> Das entspricht etwa 275 Terawattstunden Strom. Windenergie, Photovoltaik und Biomasse sind dabei die wichtigsten Quellen f\u00fcr erneuerbare Energien.\u00a0<\/p>\n\n\n\n<p>Es werden also etwas mehr als 10% der ben\u00f6tigten Energie aus erneuerbaren energien zur Verf\u00fcgung gestellt.<\/p>\n","protected":false},"excerpt":{"rendered":"<p>&nbsp; Energieverbrauch Deutschland &nbsp; &nbsp; Energiequelle Industrie [TWh] Haushalte [TWh] Gewernbe, Handel Dienstleistung [TWh] Verkehr[TWh] Gesamt &nbsp; 22 &nbsp; &nbsp; &nbsp; 22 Stein-Braunkohle 94 &nbsp; &nbsp; &nbsp; 94 Strom 188 130 &nbsp; 18 336 Sonstige Energietr\u00e4ger &nbsp; &nbsp; &nbsp; &nbsp; 0 Mineral\u00f6lprodukte 30 115 50 &nbsp; 195 Fernw\u00e4rme 42 54 121 644 861 Gas 217 &#8230; <a title=\"Energieverbrauch Deutschland 2023\" class=\"read-more\" href=\"https:\/\/hhab-technik.de\/?page_id=1049\" aria-label=\"Mehr dazu unter Energieverbrauch Deutschland 2023\">Weiterlesen<\/a><\/p>\n","protected":false},"author":1,"featured_media":0,"parent":0,"menu_order":0,"comment_status":"closed","ping_status":"closed","template":"","meta":{"footnotes":""},"_links":{"self":[{"href":"https:\/\/hhab-technik.de\/index.php?rest_route=\/wp\/v2\/pages\/1049"}],"collection":[{"href":"https:\/\/hhab-technik.de\/index.php?rest_route=\/wp\/v2\/pages"}],"about":[{"href":"https:\/\/hhab-technik.de\/index.php?rest_route=\/wp\/v2\/types\/page"}],"author":[{"embeddable":true,"href":"https:\/\/hhab-technik.de\/index.php?rest_route=\/wp\/v2\/users\/1"}],"replies":[{"embeddable":true,"href":"https:\/\/hhab-technik.de\/index.php?rest_route=%2Fwp%2Fv2%2Fcomments&post=1049"}],"version-history":[{"count":2,"href":"https:\/\/hhab-technik.de\/index.php?rest_route=\/wp\/v2\/pages\/1049\/revisions"}],"predecessor-version":[{"id":1053,"href":"https:\/\/hhab-technik.de\/index.php?rest_route=\/wp\/v2\/pages\/1049\/revisions\/1053"}],"wp:attachment":[{"href":"https:\/\/hhab-technik.de\/index.php?rest_route=%2Fwp%2Fv2%2Fmedia&parent=1049"}],"curies":[{"name":"wp","href":"https:\/\/api.w.org\/{rel}","templated":true}]}}