{"id":1039,"date":"2025-08-18T11:06:35","date_gmt":"2025-08-18T09:06:35","guid":{"rendered":"https:\/\/hhab-technik.de\/?page_id=1039"},"modified":"2025-08-18T11:06:35","modified_gmt":"2025-08-18T09:06:35","slug":"loesunsvorschlag-klimawandel","status":"publish","type":"page","link":"https:\/\/hhab-technik.de\/?page_id=1039","title":{"rendered":"L\u00f6sunsvorschlag Klimawandel"},"content":{"rendered":"\n<p><strong>Grundlagen:<\/strong><\/p>\n\n\n\n<h1 class=\"wp-block-heading\">Zahlendefinitionen<\/h1>\n\n\n\n<figure class=\"wp-block-table\"><table><tbody><tr><td>Wert<\/td><td>in Deutsch<\/td><td>auf Englisch<\/td><\/tr><tr><td>1<\/td><td>&nbsp;Einer<\/td><td>&nbsp;<\/td><\/tr><tr><td>1.000<\/td><td>Tausend<\/td><td>Thousand<\/td><\/tr><tr><td>1.000.000<\/td><td>Millionen<\/td><td>Millions<\/td><\/tr><tr><td>1.000.000.000<\/td><td>Milliarden<\/td><td>Billion<\/td><\/tr><tr><td>1.000.000.000.000<\/td><td>Billionen<\/td><td>Trillion<\/td><\/tr><tr><td>&nbsp;<\/td><td>&nbsp;<\/td><td>&nbsp;<\/td><\/tr><\/tbody><\/table><\/figure>\n\n\n\n<p>Es besteht also immer die Gefahr, wenn ein Amerika \u00fcber eine Summe von <strong>5 Billion<\/strong> spricht er eigentlich <strong>5 Milliarden<\/strong> meint<\/p>\n\n\n\n<p>&nbsp;oder umgekehrt,<\/p>\n\n\n\n<p>wenn wir \u00fcber eine Summe von <strong>5 Billionen<\/strong> sprechen, der Amerika nicht versteht, dass das eigentlich <strong>5 Trillion<\/strong> sind.<\/p>\n\n\n\n<h1 class=\"wp-block-heading\">Energiedefinitionen<\/h1>\n\n\n\n<figure class=\"wp-block-table\"><table><tbody><tr><td>&nbsp;<\/td><td colspan=\"3\"><strong>Wert<\/strong><\/td><td><strong>Zahleneinheit<\/strong><\/td><td><strong>Leistugsma\u00dfeinheit<\/strong><\/td><td colspan=\"3\"><strong>Energiema\u00dfeinheit<\/strong><\/td><\/tr><tr><td>&nbsp;<\/td><td colspan=\"3\"><strong>&nbsp;<\/strong><\/td><td><strong>&nbsp;<\/strong><\/td><td><strong>Leistung<\/strong><\/td><td colspan=\"3\"><strong>Arbeit<\/strong><\/td><\/tr><tr><td>&nbsp;<\/td><td colspan=\"3\">1<\/td><td>&nbsp;<\/td><td>W<\/td><td colspan=\"3\">Wh<\/td><\/tr><tr><td>&nbsp;<\/td><td colspan=\"3\">1.000<\/td><td>Tausend<\/td><td>kW<\/td><td colspan=\"3\">kWh<\/td><\/tr><tr><td>&nbsp;<\/td><td colspan=\"3\">1.000.000<\/td><td>Millionen<\/td><td>MW<\/td><td colspan=\"3\">MWh<\/td><\/tr><tr><td>&nbsp;<\/td><td colspan=\"3\">1.000.000.000<\/td><td>Milliarden<\/td><td>GW<\/td><td colspan=\"3\">GWh<\/td><\/tr><tr><td>&nbsp;<\/td><td colspan=\"3\">1.000.000.000.000<\/td><td>Billionen<\/td><td>TW<\/td><td colspan=\"3\">TWh<\/td><\/tr><tr><td colspan=\"8\">Wenn ein Wasserkocher mit einer Leistung von 2 kW eine halbe Stunde[h] &nbsp;betrieben<\/td><td>&nbsp;<\/td><\/tr><tr><td colspan=\"7\">wird , hat er eine Arbeit von 1 kWh verrichtet<\/td><td><\/td><td>&nbsp;<\/td><\/tr><tr><td colspan=\"2\"><\/td><td><\/td><td colspan=\"4\">Arbeit&nbsp; = Leistung * Zeit<\/td><td><\/td><td>&nbsp;<\/td><\/tr><tr><td><\/td><td><\/td><td><\/td><td><\/td><td><\/td><td><\/td><td><\/td><td><\/td><td><\/td><\/tr><\/tbody><\/table><\/figure>\n\n\n\n<p><strong><br><\/strong><\/p>\n\n\n\n<figure class=\"wp-block-table\"><table><tbody><tr><td colspan=\"3\"><strong>R\u00fcstungsausgaben pro Jahr<\/strong><\/td><\/tr><tr><td>Weltweit<\/td><td>2.440.000.000.000<\/td><td>2.440 Milliarden<\/td><\/tr><tr><td>Deutschland<\/td><td>72.000.000.000<\/td><td>72 Milliarden<\/td><\/tr><tr><td>USA<\/td><td>997.000.000.000<\/td><td>997 Milliarden<\/td><\/tr><tr><td>China<\/td><td>314.000.000.000<\/td><td>314 Milliarden<\/td><\/tr><tr><td>Russland<\/td><td>109.000.000.000<\/td><td>109 Milliarden<\/td><\/tr><tr><td>Frankreich<\/td><td>64.700.000.000<\/td><td>64,7 Milliarden<\/td><\/tr><tr><td>Gro\u00dfbritannien<\/td><td>81.800.000.000<\/td><td>81,8 Milliarden<\/td><\/tr><tr><td>Kanada<\/td><td>29.500.000.000<\/td><td>29,5 Milliarden<\/td><\/tr><tr><td>Japan<\/td><td>55.300.000.000<\/td><td>55,3 Milliarden<\/td><\/tr><tr><td>Israel<\/td><td>46.500.000.000<\/td><td>46,5 Milliarden<\/td><\/tr><tr><td>Afrika<\/td><td>52.100.000.000<\/td><td>52,1 Milliarden<\/td><\/tr><tr><td>Rest der Welt<\/td><td>618.000.000.000<\/td><td>618 Milliarden<\/td><\/tr><\/tbody><\/table><\/figure>\n\n\n\n<p><strong>Aktueller CO2 Aussto\u00df pro Kopf<\/strong><strong><\/strong><\/p>\n\n\n\n<figure class=\"wp-block-table\"><table><tbody><tr><td>&nbsp;<\/td><td>&nbsp;<\/td><td>CO2 Aussto\u00df pro Kopf<\/td><td colspan=\"3\">&nbsp;Gesamtmenge[ Millionen Tonnen] Aktuell<\/td><td colspan=\"2\">Gesamtmenge, wenn alle nur 5,24 Tonnen pro Kopf aussto\u00dfen 2045<\/td><td colspan=\"4\">\u00c4nderung In Prozent bis 2045<\/td><td colspan=\"2\">Anzahl der Einwohner [Millionen]<\/td><td>&nbsp;<\/td><\/tr><tr><td>&nbsp;<\/td><td>Weltweit<\/td><td>4,75<\/td><td colspan=\"3\">38000<\/td><td colspan=\"2\">&nbsp;<\/td><td colspan=\"4\">&nbsp;<\/td><td colspan=\"2\">8000<\/td><td>&nbsp;<\/td><\/tr><tr><td>&nbsp;<\/td><td>Deutschland 2045<\/td><td>5,24<\/td><td colspan=\"3\">438<\/td><td colspan=\"2\">&nbsp;<\/td><td colspan=\"4\">&nbsp;<\/td><td colspan=\"2\">83,6<\/td><td>&nbsp;<\/td><\/tr><tr><td>&nbsp;<\/td><td>Deutschland<\/td><td>7,97<\/td><td colspan=\"3\">666<\/td><td colspan=\"2\">438,00<\/td><td colspan=\"4\">-34%<\/td><td colspan=\"2\">83,6<\/td><td>&nbsp;<\/td><\/tr><tr><td>&nbsp;<\/td><td>China<\/td><td>7,61<\/td><td colspan=\"3\">11470<\/td><td colspan=\"2\">7418,76<\/td><td colspan=\"4\">-35%<\/td><td colspan=\"2\">1416<\/td><td>&nbsp;<\/td><\/tr><tr><td>&nbsp;<\/td><td>Indien<\/td><td>1,78<\/td><td colspan=\"3\">2,7<\/td><td colspan=\"2\">7670,24<\/td><td colspan=\"4\">283983%<\/td><td colspan=\"2\">1464<\/td><td>&nbsp;<\/td><\/tr><tr><td>&nbsp;<\/td><td>USA<\/td><td>14,67<\/td><td colspan=\"3\">5000<\/td><td colspan=\"2\">1819,59<\/td><td colspan=\"4\">-64%<\/td><td colspan=\"2\">347,3<\/td><td>&nbsp;<\/td><\/tr><tr><td>&nbsp;<\/td><td>Polen<\/td><td>7,77<\/td><td colspan=\"3\">329<\/td><td colspan=\"2\">199,61<\/td><td colspan=\"4\">-39%<\/td><td colspan=\"2\">38,1<\/td><td>&nbsp;<\/td><\/tr><tr><td>&nbsp;<\/td><td>Frankreich<\/td><td>4,46<\/td><td colspan=\"3\">306<\/td><td colspan=\"2\">349,46<\/td><td colspan=\"4\">14%<\/td><td colspan=\"2\">66,7<\/td><td>&nbsp;<\/td><\/tr><tr><td>&nbsp;<\/td><td>Italien<\/td><td>5,31<\/td><td colspan=\"3\">328,7<\/td><td colspan=\"2\">308,59<\/td><td colspan=\"4\">-6%<\/td><td colspan=\"2\">58,9<\/td><td>&nbsp;<\/td><\/tr><tr><td>&nbsp;<\/td><td>England<\/td><td>5,2<\/td><td colspan=\"3\"><strong>346,8<\/strong><\/td><td colspan=\"2\">358,36<\/td><td colspan=\"4\">3%<\/td><td colspan=\"2\">68,4<\/td><td>&nbsp;<\/td><\/tr><tr><td>&nbsp;<\/td><td>EU<\/td><td>6,25<\/td><td colspan=\"3\">1395<\/td><td colspan=\"2\">2347,18<\/td><td colspan=\"4\">68%<\/td><td colspan=\"2\">448<\/td><td>&nbsp;<\/td><\/tr><tr><td>&nbsp;<\/td><td>Gesamt Menge<\/td><td><\/td><td colspan=\"3\">19844,2<\/td><td colspan=\"2\">20909,78<\/td><td colspan=\"4\"><\/td><td colspan=\"2\"><\/td><td>&nbsp;<\/td><\/tr><tr><td>&nbsp;<\/td><td>&nbsp;<\/td><td>&nbsp;<\/td><td colspan=\"3\">&nbsp;<\/td><td colspan=\"2\">&nbsp;<\/td><td colspan=\"4\">&nbsp;<\/td><td colspan=\"2\">&nbsp;<\/td><td>&nbsp;<\/td><\/tr><tr><td>&nbsp;<\/td><td>&nbsp;<\/td><td>&nbsp;<\/td><td colspan=\"3\">&nbsp;<\/td><td colspan=\"2\">&nbsp;<\/td><td colspan=\"4\">&nbsp;<\/td><td colspan=\"2\">&nbsp;<\/td><td>&nbsp;<\/td><\/tr><tr><td>&nbsp;<\/td><td>&nbsp;<\/td><td>&nbsp;<\/td><td colspan=\"3\">&nbsp;<\/td><td colspan=\"2\">&nbsp;<\/td><td colspan=\"4\">&nbsp;<\/td><td colspan=\"2\">&nbsp;<\/td><td>&nbsp;<\/td><\/tr><tr><td>&nbsp;<\/td><td colspan=\"8\">Im Jahr 1990 wurden in Deutschland 1.252 Millionen Tonnen CO2 ausgesto\u00dfen<\/td><td colspan=\"3\"><\/td><td colspan=\"2\"><\/td><td>&nbsp;<\/td><\/tr><tr><td>&nbsp;<\/td><td colspan=\"11\">Um das Klimaziel in 2045 zu erreichen m\u00fcssen davon 65% eingespart werden<\/td><td colspan=\"2\"><\/td><td>&nbsp;<\/td><\/tr><tr><td>&nbsp;<\/td><td colspan=\"11\">also 65% von 1252 Millionen Tonnen das entspricht 813,8 Millionen Tonnen Einsparung um<\/td><td colspan=\"2\"><\/td><td>&nbsp;<\/td><\/tr><tr><td>&nbsp;<\/td><td colspan=\"9\">2045 nur noch 438 Millionen Tonnen CO2 auszusto\u00dfen. Es m\u00fcssen also noch 227 Millionen Tonnen CO2 eingespart werden um das Ziel zu erreichen.<br>Das w\u00fcrde man allein schon erreichen, wenn man die Braun- und Steinkohle&nbsp; Verstromung halbieren w\u00fcrde (siehe Energiewende).<\/td><td><\/td><td colspan=\"2\"><\/td><td colspan=\"2\"><\/td><\/tr><tr><td colspan=\"4\"><strong>&nbsp;<\/strong> <strong>Woher stammt das CO2<\/strong><\/td><td><\/td><td colspan=\"2\"><\/td><td colspan=\"8\">&nbsp;<\/td><\/tr><tr><td colspan=\"4\"><\/td><td><\/td><td colspan=\"2\"><\/td><td colspan=\"8\">&nbsp;<\/td><\/tr><tr><td colspan=\"4\">&nbsp;<\/td><td>2023<\/td><td colspan=\"2\">&nbsp;<\/td><td colspan=\"8\">&nbsp;<\/td><\/tr><tr><td colspan=\"4\">&nbsp;<\/td><td>CO2 [Milliarden Tonnen]<\/td><td colspan=\"2\">&nbsp;<\/td><td colspan=\"8\">&nbsp;<\/td><\/tr><tr><td colspan=\"4\">Gesamt<\/td><td>38<\/td><td colspan=\"2\">&nbsp;<\/td><td colspan=\"8\">&nbsp;<\/td><\/tr><tr><td colspan=\"4\">Energieverbrauch in allen Sektoren<\/td><td>27,816<\/td><td colspan=\"2\">73,20%<\/td><td colspan=\"8\">&nbsp;<\/td><\/tr><tr><td colspan=\"4\">Energienutzung Industrie<\/td><td>9,196<\/td><td colspan=\"2\">24,20%<\/td><td colspan=\"8\">&nbsp;<\/td><\/tr><tr><td colspan=\"4\">Landwirtschaft, Landnutzung<\/td><td>6,992<\/td><td colspan=\"2\">18,40%<\/td><td colspan=\"8\">&nbsp;<\/td><\/tr><tr><td colspan=\"4\">Energieverbrauch Geb\u00e4ude<\/td><td>6,65<\/td><td colspan=\"2\">17,50%<\/td><td colspan=\"8\">&nbsp;<\/td><\/tr><tr><td colspan=\"4\">Weltverkehr<\/td><td>6,156<\/td><td colspan=\"2\">16,20%<\/td><td colspan=\"8\">&nbsp;<\/td><\/tr><tr><td colspan=\"4\">Stra\u00dfenverkehr<\/td><td>4,522<\/td><td colspan=\"2\">11,90%<\/td><td colspan=\"8\">&nbsp;<\/td><\/tr><tr><td colspan=\"4\">Wohngeb\u00e4ude<\/td><td>4,142<\/td><td colspan=\"2\">10,90%<\/td><td colspan=\"8\">&nbsp;<\/td><\/tr><tr><td colspan=\"4\">Sonstige Industrie<\/td><td>4,028<\/td><td colspan=\"2\">10,60%<\/td><td colspan=\"8\">&nbsp;<\/td><\/tr><tr><td colspan=\"4\">Eisen Stahl<\/td><td>2,736<\/td><td colspan=\"2\">7,20%<\/td><td colspan=\"8\">&nbsp;<\/td><\/tr><tr><td colspan=\"4\">Gewerbegeb\u00e4ude<\/td><td>2,508<\/td><td colspan=\"2\">6,60%<\/td><td colspan=\"8\">&nbsp;<\/td><\/tr><tr><td colspan=\"4\">Direkte Industrie&nbsp; Prozesse<\/td><td>1,976<\/td><td colspan=\"2\">5,20%<\/td><td colspan=\"8\">&nbsp;<\/td><\/tr><tr><td colspan=\"4\">Waldbr\u00e4nde<\/td><td>1,8<\/td><td colspan=\"2\">91,09%<\/td><td colspan=\"8\">&nbsp;<\/td><\/tr><tr><td colspan=\"4\">Chemie Petrochemie<\/td><td>1,368<\/td><td colspan=\"2\">3,60%<\/td><td colspan=\"8\">&nbsp;<\/td><\/tr><tr><td colspan=\"4\">Zement<\/td><td>1,14<\/td><td colspan=\"2\">3%<\/td><td colspan=\"8\">&nbsp;<\/td><\/tr><tr><td colspan=\"4\">Luftverkehr<\/td><td>0,722<\/td><td colspan=\"2\">1,90%<\/td><td colspan=\"8\">&nbsp;<\/td><\/tr><tr><td colspan=\"4\">Schifffahrt<\/td><td>0,646<\/td><td colspan=\"2\">1,70%<\/td><td colspan=\"8\">&nbsp;<\/td><\/tr><tr><td colspan=\"4\">Nichteisenmetalle<\/td><td>0,266<\/td><td colspan=\"2\">0,70%<\/td><td colspan=\"8\">&nbsp;<\/td><\/tr><tr><td colspan=\"4\">Papier&nbsp; Zellstoffe<\/td><td>0,228<\/td><td colspan=\"2\">0,60%<\/td><td colspan=\"8\">&nbsp;<\/td><\/tr><tr><td colspan=\"4\">Maschinen<\/td><td>0,19<\/td><td colspan=\"2\">0,50%<\/td><td colspan=\"8\">&nbsp;<\/td><\/tr><tr><td colspan=\"4\">Schienenverkehr<\/td><td>0,152<\/td><td colspan=\"2\">0,40%<\/td><td colspan=\"8\">&nbsp;<\/td><\/tr><tr><td colspan=\"4\">Pipeline<\/td><td>0,114<\/td><td colspan=\"2\">0,30%<\/td><td colspan=\"8\">&nbsp;<\/td><\/tr><tr><td colspan=\"4\">&nbsp;<\/td><td>&nbsp;<\/td><td colspan=\"2\">&nbsp;<\/td><td colspan=\"8\">&nbsp;<\/td><\/tr><tr><td colspan=\"4\"><\/td><td><\/td><td colspan=\"2\"><\/td><td colspan=\"8\">&nbsp;<\/td><\/tr><tr><td><\/td><td><\/td><td><\/td><td><\/td><td><\/td><td><\/td><td><\/td><td><\/td><td><\/td><td><\/td><td><\/td><td><\/td><td><\/td><td><\/td><td><\/td><\/tr><\/tbody><\/table><\/figure>\n\n\n\n<p><strong>Grundwasservorkommen unter der Sahara<\/strong><\/p>\n\n\n\n<p>Grundwassermenge (je dunkler die Farbe, desto mehr Wasser liegt im Boden; das dunkelste Blau steht f\u00fcr mehr als 50 Meter Wasserschicht): Vor allem im Norden des Kontinents finden sich gigantische Reserven. Allein unter Algerien, Libyen und dem Tschad liegt demnach Grundwasser, das die L\u00e4nder 75 Meter hoch bedecken w\u00fcrde.<\/p>\n\n\n\n\n\n<p>Foto: NERC\/British Geological Survey<\/p>\n\n\n\n<p><br><br>Tiefe der Reservoire: Das Problem ist oft, dass das Grundwasser in gro\u00dfer Tiefe liegt; die Farbe Orange steht f\u00fcr mehr als 250 Meter Tiefe. Mancherorts werden bereits kilometertiefe Wasserbohrungen betrieben &#8211; sie sind extrem teuer.<\/p>\n\n\n\n<p>Foto: NERC\/British Geological Survey<\/p>\n\n\n\n<p>Produktivit\u00e4t: Die Karte zeigt, wie viel Wasser in einer bestimmten Zeit gef\u00f6rdert werden k\u00f6nnte &#8211; je dunkler, desto besser w\u00fcrde die Quelle sprudeln.<\/p>\n\n\n\n<p>Foto: NERC\/British Geological Survey<\/p>\n","protected":false},"excerpt":{"rendered":"<p>Grundlagen: Zahlendefinitionen Wert in Deutsch auf Englisch 1 &nbsp;Einer &nbsp; 1.000 Tausend Thousand 1.000.000 Millionen Millions 1.000.000.000 Milliarden Billion 1.000.000.000.000 Billionen Trillion &nbsp; &nbsp; &nbsp; Es besteht also immer die Gefahr, wenn ein Amerika \u00fcber eine Summe von 5 Billion spricht er eigentlich 5 Milliarden meint &nbsp;oder umgekehrt, wenn wir \u00fcber eine Summe von 5 &#8230; <a title=\"L\u00f6sunsvorschlag Klimawandel\" class=\"read-more\" href=\"https:\/\/hhab-technik.de\/?page_id=1039\" aria-label=\"Mehr dazu unter L\u00f6sunsvorschlag Klimawandel\">Weiterlesen<\/a><\/p>\n","protected":false},"author":1,"featured_media":0,"parent":0,"menu_order":0,"comment_status":"closed","ping_status":"closed","template":"","meta":{"footnotes":""},"_links":{"self":[{"href":"https:\/\/hhab-technik.de\/index.php?rest_route=\/wp\/v2\/pages\/1039"}],"collection":[{"href":"https:\/\/hhab-technik.de\/index.php?rest_route=\/wp\/v2\/pages"}],"about":[{"href":"https:\/\/hhab-technik.de\/index.php?rest_route=\/wp\/v2\/types\/page"}],"author":[{"embeddable":true,"href":"https:\/\/hhab-technik.de\/index.php?rest_route=\/wp\/v2\/users\/1"}],"replies":[{"embeddable":true,"href":"https:\/\/hhab-technik.de\/index.php?rest_route=%2Fwp%2Fv2%2Fcomments&post=1039"}],"version-history":[{"count":1,"href":"https:\/\/hhab-technik.de\/index.php?rest_route=\/wp\/v2\/pages\/1039\/revisions"}],"predecessor-version":[{"id":1040,"href":"https:\/\/hhab-technik.de\/index.php?rest_route=\/wp\/v2\/pages\/1039\/revisions\/1040"}],"wp:attachment":[{"href":"https:\/\/hhab-technik.de\/index.php?rest_route=%2Fwp%2Fv2%2Fmedia&parent=1039"}],"curies":[{"name":"wp","href":"https:\/\/api.w.org\/{rel}","templated":true}]}}