{"id":1022,"date":"2025-08-18T08:10:50","date_gmt":"2025-08-18T06:10:50","guid":{"rendered":"https:\/\/hhab-technik.de\/?page_id=1022"},"modified":"2025-08-18T08:10:50","modified_gmt":"2025-08-18T06:10:50","slug":"aufforstung-der-sahara","status":"publish","type":"page","link":"https:\/\/hhab-technik.de\/?page_id=1022","title":{"rendered":"Aufforstung der Sahara"},"content":{"rendered":"\n<p>CO2 Abbau durch Aufforstung von gro\u00dfen Fl\u00e4chen der Sahara<\/p>\n\n\n\n<figure class=\"wp-block-image\"><img decoding=\"async\" src=\"\" alt=\"https:\/\/cdn.prod.www.spiegel.de\/images\/dc85a25f-0001-0004-0000-000000341986_w640_r0.8473491773308958_fpx50_fpy45.75.jpg\"\/><\/figure>\n\n\n\n<p>Grundwassermenge (je dunkler die Farbe, desto mehr Wasser liegt im Boden; das dunkelste Blau steht f\u00fcr mehr als 50 Meter Wasserschicht): Vor allem im Norden des Kontinents finden sich gigantische Reserven. Allein unter Algerien, Libyen und dem Tschad liegt demnach Grundwasser, das die L\u00e4nder 75 Meter hoch bedecken w\u00fcrde.<\/p>\n\n\n\n<p>Foto: NERC\/British Geological Survey<\/p>\n\n\n\n<p><br><br>Tiefe der Reservo<img loading=\"lazy\" decoding=\"async\" width=\"447\" height=\"302\" src=\"\" alt=\"https:\/\/cdn.prod.www.spiegel.de\/images\/458cf3e5-0001-0004-0000-000000341985_w640_r1.4778420038535645_fpx61.54_fpy46.92.jpg\">ire: Das Problem ist oft, dass das Grundwasser in gro\u00dfer Tiefe liegt; die Farbe Orange steht f\u00fcr mehr als 250 Meter Tiefe. Mancherorts werden bereits kilometertiefe Wasserbohrungen betrieben &#8211; sie sind extrem teuer.<\/p>\n\n\n\n<p>Foto: NERC\/British Geological Survey<\/p>\n\n\n\n<figure class=\"wp-block-image\"><img decoding=\"async\" src=\"\" alt=\"https:\/\/cdn.prod.www.spiegel.de\/images\/328bc373-0001-0004-0000-000000341984_w640_r1.1420765027322404_fpx42.88_fpy44.98.jpg\"\/><\/figure>\n\n\n\n<p>Produktivit\u00e4t: Die Karte zeigt, wie viel Wasser in einer bestimmten Zeit gef\u00f6rdert werden k\u00f6nnte &#8211; je dunkler, desto besser w\u00fcrde die Quelle sprudeln.<\/p>\n\n\n\n<p>Foto: NERC\/British Geological Survey<\/p>\n","protected":false},"excerpt":{"rendered":"<p>CO2 Abbau durch Aufforstung von gro\u00dfen Fl\u00e4chen der Sahara Grundwassermenge (je dunkler die Farbe, desto mehr Wasser liegt im Boden; das dunkelste Blau steht f\u00fcr mehr als 50 Meter Wasserschicht): Vor allem im Norden des Kontinents finden sich gigantische Reserven. Allein unter Algerien, Libyen und dem Tschad liegt demnach Grundwasser, das die L\u00e4nder 75 Meter &#8230; <a title=\"Aufforstung der Sahara\" class=\"read-more\" href=\"https:\/\/hhab-technik.de\/?page_id=1022\" aria-label=\"Mehr dazu unter Aufforstung der Sahara\">Weiterlesen<\/a><\/p>\n","protected":false},"author":1,"featured_media":0,"parent":0,"menu_order":0,"comment_status":"closed","ping_status":"closed","template":"","meta":{"footnotes":""},"_links":{"self":[{"href":"https:\/\/hhab-technik.de\/index.php?rest_route=\/wp\/v2\/pages\/1022"}],"collection":[{"href":"https:\/\/hhab-technik.de\/index.php?rest_route=\/wp\/v2\/pages"}],"about":[{"href":"https:\/\/hhab-technik.de\/index.php?rest_route=\/wp\/v2\/types\/page"}],"author":[{"embeddable":true,"href":"https:\/\/hhab-technik.de\/index.php?rest_route=\/wp\/v2\/users\/1"}],"replies":[{"embeddable":true,"href":"https:\/\/hhab-technik.de\/index.php?rest_route=%2Fwp%2Fv2%2Fcomments&post=1022"}],"version-history":[{"count":2,"href":"https:\/\/hhab-technik.de\/index.php?rest_route=\/wp\/v2\/pages\/1022\/revisions"}],"predecessor-version":[{"id":1028,"href":"https:\/\/hhab-technik.de\/index.php?rest_route=\/wp\/v2\/pages\/1022\/revisions\/1028"}],"wp:attachment":[{"href":"https:\/\/hhab-technik.de\/index.php?rest_route=%2Fwp%2Fv2%2Fmedia&parent=1022"}],"curies":[{"name":"wp","href":"https:\/\/api.w.org\/{rel}","templated":true}]}}