{"id":1020,"date":"2025-08-18T08:06:35","date_gmt":"2025-08-18T06:06:35","guid":{"rendered":"https:\/\/hhab-technik.de\/?page_id=1020"},"modified":"2025-08-19T15:53:08","modified_gmt":"2025-08-19T13:53:08","slug":"energieuebertragung","status":"publish","type":"page","link":"https:\/\/hhab-technik.de\/?page_id=1020","title":{"rendered":"Energie\u00fcbertragung"},"content":{"rendered":"\n<p><\/p>\n\n\n\n<p>Um einen Energieausgleich zwischen den Energieverbrauchern und Energieerzeugern zu gew\u00e4hrleisten ben\u00f6tigt man eine geeignete Energie\u00fcbertragungsm\u00f6glichkeit.<\/p>\n\n\n\n<p>\u00dcblicherweise sind das Stromtrassen die die Energie \u00fcber Stromleitungen \u00fcbertragen.<\/p>\n\n\n\n<p>F\u00fcr die Energie\u00fcbertragung muss eine m\u00f6glichst hohe Spannung benutzt werden, um die Leitungsverluste zu minimieren. Daf\u00fcr wird die Wechselspannung mit Hilfe von Transformatoren auf h\u00f6here Spannung gewandelt.<\/p>\n\n\n\n<p>\u00dcberlandleitungen, auch bekannt als <a href=\"https:\/\/www.google.com\/search?sca_esv=638a8857656ffa19&amp;sxsrf=AE3TifMpZfS8J1ipNcidNSkxaJ47yeMOpg%3A1755451878091&amp;q=Hochspannungsleitungen&amp;sa=X&amp;ved=2ahUKEwjHsfTsr5KPAxVvnf0HHVc3KzAQxccNegQIWhAB&amp;mstk=AUtExfAZJQpHGrXThvoK4SgWkRRd_U5t_xxi9DTNiCWfNWltXStaS7kVkbo1tZqs894AgVDZEwAEjRSGlYNOeGU__Mu6Td8s13B2kvL9YHc3gHWKQdKzkMx4TnqQMzGee4W9y7jZD0iEw0lACytFI0YXJWXcPWMh2iPGGDVuOmxDLyBH6AU&amp;csui=3\" target=\"_blank\" rel=\"noreferrer noopener\">Hochspannungsleitungen<\/a>, transportieren elektrische Energie mit hohen Wechselspannungen \u00fcber weite Strecken. In Deutschland werden haupts\u00e4chlich drei Spannungsstufen verwendet: 110 kV, 220 kV und 380 kV. Die h\u00f6heren Spannungen erm\u00f6glichen eine effizientere \u00dcbertragung gro\u00dfer Energiemengen \u00fcber lange Distanzen<\/p>\n\n\n\n<p>Wenn man noch h\u00f6here Energien \u00fcber sehr lange Entfernungen \u00fcbertragen m\u00f6chte, wird das \u00fcber ein Gleichspannungskabel durchgef\u00fchrt.<\/p>\n\n\n\n<p>Nord- S\u00fcd Trasse: Die Stromleitungen sollen mit <a href=\"https:\/\/de.wikipedia.org\/wiki\/Hochspannungs-Gleichstrom-%C3%9Cbertragung\">Hochspannungs-Gleichstrom-\u00dcbertragung<\/a> (HG\u00dc) gr\u00f6\u00dftenteils \u00fcber <a href=\"https:\/\/de.wikipedia.org\/wiki\/Erdkabel\">Erdkabel<\/a>-Verbindungen bei einer \u00dcbertragungskapazit\u00e4t von jeweils 2&nbsp;Gigawatt betrieben werden.<a href=\"https:\/\/de.wikipedia.org\/wiki\/Suedlink#cite_note-Projektbeschreibung-31\"><sup>[<\/sup><sup>31]<\/sup><\/a> Die Energie\u00fcbertragung mittels <a href=\"https:\/\/de.wikipedia.org\/wiki\/Gleichstrom\">Gleichstrom<\/a>, statt wie \u00fcblich als <a href=\"https:\/\/de.wikipedia.org\/wiki\/Dreiphasenwechselstrom\">Dreiphasenwechselstrom<\/a>, ist bei der \u00dcbertragung \u00fcber L\u00e4ngen ab etwa 750&nbsp;km aufw\u00e4rts technisch von Vorteil, da ab diesen Entfernungen die geringeren <a href=\"https:\/\/de.wikipedia.org\/wiki\/%C3%9Cbertragungsverlust\">\u00dcbertragungsverluste<\/a> entlang der Leitungen die Verluste in den zus\u00e4tzlich n\u00f6tigen <a href=\"https:\/\/de.wikipedia.org\/wiki\/Stromrichterstation\">Stromrichterstationen<\/a> kompensieren.<\/p>\n\n\n\n<p><\/p>\n\n\n\n<p>Die Kosten \u00a0belaufen sich bei einer solchem Energie\u00fcbertragungssystem auf ca.\u00a0 3 Millionen \u20ac pro km<\/p>\n\n\n\n<p>Weitere schon bestehende Gleichspannungs\u00fcbertragungsanlagen sind:<\/p>\n\n\n\n<figure class=\"wp-block-table\"><table><tbody><tr><td><strong>Changiji und Guquan<\/strong><\/td><td><\/td><td><\/td><\/tr><tr><td><\/td><td><\/td><td><\/td><\/tr><tr><td>Spannung<\/td><td>1100<\/td><td>KV<\/td><\/tr><tr><td>L\u00e4nge<\/td><td>3284<\/td><td>km<\/td><\/tr><tr><td>Leistungs\u00fcbertragung<\/td><td>12000<\/td><td>MW (12 GW)<\/td><\/tr><tr><td><\/td><td><\/td><td><\/td><\/tr><tr><td><\/td><td><\/td><td><\/td><\/tr><tr><td><strong>Xinjiang und Zhengzhou<\/strong><\/td><td><\/td><td><\/td><\/tr><tr><td><\/td><td><\/td><td><\/td><\/tr><tr><td>Spannung<\/td><td>800<\/td><td>KV<\/td><\/tr><tr><td>L\u00e4nge<\/td><td>2200<\/td><td>km<\/td><\/tr><tr><td>Leistungs\u00fcbertragung<\/td><td>8000<\/td><td>MW (8 GW)<\/td><\/tr><tr><td><\/td><td><\/td><td><\/td><\/tr><tr><td><\/td><td><\/td><td><\/td><\/tr><tr><td><strong>NorNed<\/strong><\/td><td><\/td><td><\/td><\/tr><tr><td><\/td><td><\/td><td><\/td><\/tr><tr><td>Spannung<\/td><td>450<\/td><td>KV<\/td><\/tr><tr><td>L\u00e4nge<\/td><td>580<\/td><td>km<\/td><\/tr><tr><td>Leistungs\u00fcbertragung<\/td><td>700<\/td><td>MW<\/td><\/tr><\/tbody><\/table><\/figure>\n","protected":false},"excerpt":{"rendered":"<p>Um einen Energieausgleich zwischen den Energieverbrauchern und Energieerzeugern zu gew\u00e4hrleisten ben\u00f6tigt man eine geeignete Energie\u00fcbertragungsm\u00f6glichkeit. \u00dcblicherweise sind das Stromtrassen die die Energie \u00fcber Stromleitungen \u00fcbertragen. F\u00fcr die Energie\u00fcbertragung muss eine m\u00f6glichst hohe Spannung benutzt werden, um die Leitungsverluste zu minimieren. Daf\u00fcr wird die Wechselspannung mit Hilfe von Transformatoren auf h\u00f6here Spannung gewandelt. \u00dcberlandleitungen, auch bekannt &#8230; <a title=\"Energie\u00fcbertragung\" class=\"read-more\" href=\"https:\/\/hhab-technik.de\/?page_id=1020\" aria-label=\"Mehr dazu unter Energie\u00fcbertragung\">Weiterlesen<\/a><\/p>\n","protected":false},"author":1,"featured_media":0,"parent":0,"menu_order":0,"comment_status":"closed","ping_status":"closed","template":"","meta":{"footnotes":""},"_links":{"self":[{"href":"https:\/\/hhab-technik.de\/index.php?rest_route=\/wp\/v2\/pages\/1020"}],"collection":[{"href":"https:\/\/hhab-technik.de\/index.php?rest_route=\/wp\/v2\/pages"}],"about":[{"href":"https:\/\/hhab-technik.de\/index.php?rest_route=\/wp\/v2\/types\/page"}],"author":[{"embeddable":true,"href":"https:\/\/hhab-technik.de\/index.php?rest_route=\/wp\/v2\/users\/1"}],"replies":[{"embeddable":true,"href":"https:\/\/hhab-technik.de\/index.php?rest_route=%2Fwp%2Fv2%2Fcomments&post=1020"}],"version-history":[{"count":4,"href":"https:\/\/hhab-technik.de\/index.php?rest_route=\/wp\/v2\/pages\/1020\/revisions"}],"predecessor-version":[{"id":1058,"href":"https:\/\/hhab-technik.de\/index.php?rest_route=\/wp\/v2\/pages\/1020\/revisions\/1058"}],"wp:attachment":[{"href":"https:\/\/hhab-technik.de\/index.php?rest_route=%2Fwp%2Fv2%2Fmedia&parent=1020"}],"curies":[{"name":"wp","href":"https:\/\/api.w.org\/{rel}","templated":true}]}}